{"id":73594,"date":"2020-11-13T11:00:58","date_gmt":"2020-11-13T14:00:58","guid":{"rendered":"http:\/\/www.teamcore.com\/trabalhe-connosco\/"},"modified":"2024-02-06T22:16:40","modified_gmt":"2024-02-07T01:16:40","slug":"trabalhar-conosco","status":"publish","type":"page","link":"https:\/\/www.teamcore.com\/br\/trabalhar-conosco\/","title":{"rendered":"Trabalhar conosco"},"content":{"rendered":"\t\t<div data-elementor-type=\"wp-page\" data-elementor-id=\"73594\" class=\"elementor elementor-73594 elementor-5595\" data-elementor-post-type=\"page\">\n\t\t\t\t\t\t<section class=\"elementor-section elementor-top-section elementor-element elementor-element-e11d7f2 elementor-section-boxed elementor-section-height-default elementor-section-height-default\" data-id=\"e11d7f2\" data-element_type=\"section\" data-settings=\"{&quot;background_background&quot;:&quot;classic&quot;}\">\n\t\t\t\t\t\t<div class=\"elementor-container elementor-column-gap-default\">\n\t\t\t\t\t<div class=\"elementor-column elementor-col-100 elementor-top-column elementor-element elementor-element-acb531d\" data-id=\"acb531d\" data-element_type=\"column\">\n\t\t\t<div class=\"elementor-widget-wrap elementor-element-populated\">\n\t\t\t\t\t\t<div class=\"elementor-element elementor-element-18e55d3 elementor-widget elementor-widget-heading\" data-id=\"18e55d3\" data-element_type=\"widget\" data-widget_type=\"heading.default\">\n\t\t\t\t<div class=\"elementor-widget-container\">\n\t\t\t\t\t<h1 class=\"elementor-heading-title elementor-size-default\">Trabalhe connosco<\/h1>\t\t\t\t<\/div>\n\t\t\t\t<\/div>\n\t\t\t\t\t<\/div>\n\t\t<\/div>\n\t\t\t\t\t<\/div>\n\t\t<\/section>\n\t\t\t\t<section class=\"elementor-section elementor-top-section elementor-element elementor-element-b85d182 elementor-section-boxed elementor-section-height-default elementor-section-height-default\" data-id=\"b85d182\" data-element_type=\"section\">\n\t\t\t\t\t\t<div class=\"elementor-container elementor-column-gap-default\">\n\t\t\t\t\t<div class=\"elementor-column elementor-col-100 elementor-top-column elementor-element elementor-element-00d845a\" data-id=\"00d845a\" data-element_type=\"column\">\n\t\t\t<div class=\"elementor-widget-wrap elementor-element-populated\">\n\t\t\t\t\t\t<div class=\"elementor-element elementor-element-34c5d7b elementor-posts--thumbnail-none elementor-posts__hover-none elementor-grid-3 elementor-grid-tablet-2 elementor-grid-mobile-1 elementor-widget elementor-widget-posts\" data-id=\"34c5d7b\" data-element_type=\"widget\" data-settings=\"{&quot;pagination_type&quot;:&quot;numbers&quot;,&quot;cards_row_gap&quot;:{&quot;unit&quot;:&quot;px&quot;,&quot;size&quot;:19,&quot;sizes&quot;:[]},&quot;cards_columns&quot;:&quot;3&quot;,&quot;cards_columns_tablet&quot;:&quot;2&quot;,&quot;cards_columns_mobile&quot;:&quot;1&quot;,&quot;cards_row_gap_tablet&quot;:{&quot;unit&quot;:&quot;px&quot;,&quot;size&quot;:&quot;&quot;,&quot;sizes&quot;:[]},&quot;cards_row_gap_mobile&quot;:{&quot;unit&quot;:&quot;px&quot;,&quot;size&quot;:&quot;&quot;,&quot;sizes&quot;:[]}}\" data-widget_type=\"posts.cards\">\n\t\t\t\t<div class=\"elementor-widget-container\">\n\t\t\t\t\t\t\t<div class=\"elementor-posts-container elementor-posts elementor-posts--skin-cards elementor-grid\" role=\"list\">\n\t\t\t\t<article class=\"elementor-post elementor-grid-item post-116009 oferta_laboral type-oferta_laboral status-publish format-standard hentry\" role=\"listitem\">\n\t\t\t<div class=\"elementor-post__card\">\n\t\t\t\t<div class=\"elementor-post__text\">\n\t\t\t\t<h3 class=\"elementor-post__title\">\n\t\t\t<a href=\"https:\/\/www.teamcore.com\/br\/oferta_laboral\/field-marketing-manager\/\" >\n\t\t\t\tField Marketing Manager\t\t\t<\/a>\n\t\t<\/h3>\n\t\t\t\t<div class=\"elementor-post__excerpt\">\n\t\t\t\t\t<\/div>\n\t\t\n\t\t<a class=\"elementor-post__read-more\" href=\"https:\/\/www.teamcore.com\/br\/oferta_laboral\/field-marketing-manager\/\" aria-label=\"Read more about Field Marketing Manager\" tabindex=\"-1\" >\n\t\t\tVer oferta\t\t<\/a>\n\n\t\t\t\t<\/div>\n\t\t\t\t\t<\/div>\n\t\t<\/article>\n\t\t\t\t<article class=\"elementor-post elementor-grid-item post-115967 oferta_laboral type-oferta_laboral status-publish format-standard hentry\" role=\"listitem\">\n\t\t\t<div class=\"elementor-post__card\">\n\t\t\t\t<div class=\"elementor-post__text\">\n\t\t\t\t<h3 class=\"elementor-post__title\">\n\t\t\t<a href=\"https:\/\/www.teamcore.com\/br\/oferta_laboral\/115967-2\/\" >\n\t\t\t\tAccount Manager Per\u00fa (desde Chile)\t\t\t<\/a>\n\t\t<\/h3>\n\t\t\t\t<div class=\"elementor-post__excerpt\">\n\t\t\t\t\t<\/div>\n\t\t\n\t\t<a class=\"elementor-post__read-more\" href=\"https:\/\/www.teamcore.com\/br\/oferta_laboral\/115967-2\/\" aria-label=\"Read more about Account Manager Per\u00fa (desde Chile)\" tabindex=\"-1\" >\n\t\t\tVer oferta\t\t<\/a>\n\n\t\t\t\t<\/div>\n\t\t\t\t\t<\/div>\n\t\t<\/article>\n\t\t\t\t<\/div>\n\t\t\n\t\t\t\t\t\t<\/div>\n\t\t\t\t<\/div>\n\t\t\t\t\t<\/div>\n\t\t<\/div>\n\t\t\t\t\t<\/div>\n\t\t<\/section>\n\t\t\t\t<section class=\"elementor-section elementor-top-section elementor-element elementor-element-0c64e52 elementor-section-boxed elementor-section-height-default elementor-section-height-default\" data-id=\"0c64e52\" data-element_type=\"section\" data-settings=\"{&quot;background_background&quot;:&quot;classic&quot;}\">\n\t\t\t\t\t\t<div class=\"elementor-container elementor-column-gap-wider\">\n\t\t\t\t\t<div class=\"elementor-column elementor-col-100 elementor-top-column elementor-element elementor-element-919820c\" data-id=\"919820c\" data-element_type=\"column\">\n\t\t\t<div class=\"elementor-widget-wrap elementor-element-populated\">\n\t\t\t\t\t\t<div class=\"elementor-element elementor-element-11bfe6c elementor-widget elementor-widget-text-editor\" data-id=\"11bfe6c\" data-element_type=\"widget\" data-widget_type=\"text-editor.default\">\n\t\t\t\t<div class=\"elementor-widget-container\">\n\t\t\t\t\t\t\t\t\t<p style=\"text-align: center;\"><strong>Os nossos valores<br \/><\/strong><\/p>\n\t\t\t\t\t\t\t\t<\/div>\n\t\t\t\t<\/div>\n\t\t\t\t<section class=\"elementor-section elementor-inner-section elementor-element elementor-element-223bee0 elementor-section-boxed elementor-section-height-default elementor-section-height-default\" data-id=\"223bee0\" data-element_type=\"section\">\n\t\t\t\t\t\t<div class=\"elementor-container elementor-column-gap-default\">\n\t\t\t\t\t<div class=\"elementor-column elementor-col-20 elementor-inner-column elementor-element elementor-element-72e04f1\" data-id=\"72e04f1\" data-element_type=\"column\">\n\t\t\t<div class=\"elementor-widget-wrap elementor-element-populated\">\n\t\t\t\t\t\t<div class=\"elementor-element elementor-element-4d94efa elementor-widget elementor-widget-text-editor\" data-id=\"4d94efa\" data-element_type=\"widget\" data-widget_type=\"text-editor.default\">\n\t\t\t\t<div class=\"elementor-widget-container\">\n\t\t\t\t\t\t\t\t\t<p style=\"text-align: center;\"><strong>Colabora\u00e7\u00e3o<\/strong><\/p>\n<p style=\"text-align: center;\">Damos poder \u00e0s equipas porque juntos conseguimos mais.<\/p>\n\t\t\t\t\t\t\t\t<\/div>\n\t\t\t\t<\/div>\n\t\t\t\t\t<\/div>\n\t\t<\/div>\n\t\t\t\t<div class=\"elementor-column elementor-col-20 elementor-inner-column elementor-element elementor-element-5296bf9\" data-id=\"5296bf9\" data-element_type=\"column\">\n\t\t\t<div class=\"elementor-widget-wrap elementor-element-populated\">\n\t\t\t\t\t\t<div class=\"elementor-element elementor-element-3810da8 elementor-widget elementor-widget-text-editor\" data-id=\"3810da8\" data-element_type=\"widget\" data-widget_type=\"text-editor.default\">\n\t\t\t\t<div class=\"elementor-widget-container\">\n\t\t\t\t\t\t\t\t\t<p style=\"text-align: center;\"><strong>Perseveran\u00e7a<\/strong><\/p>\n<p style=\"text-align: center;\">Mobilizamos a realiza\u00e7\u00e3o, olhando sempre em frente.<\/p>\n\t\t\t\t\t\t\t\t<\/div>\n\t\t\t\t<\/div>\n\t\t\t\t\t<\/div>\n\t\t<\/div>\n\t\t\t\t<div class=\"elementor-column elementor-col-20 elementor-inner-column elementor-element elementor-element-8b4f482\" data-id=\"8b4f482\" data-element_type=\"column\">\n\t\t\t<div class=\"elementor-widget-wrap elementor-element-populated\">\n\t\t\t\t\t\t<div class=\"elementor-element elementor-element-0bbddc7 elementor-widget elementor-widget-text-editor\" data-id=\"0bbddc7\" data-element_type=\"widget\" data-widget_type=\"text-editor.default\">\n\t\t\t\t<div class=\"elementor-widget-container\">\n\t\t\t\t\t\t\t\t\t<p style=\"text-align: center;\"><strong>Curiosidade criativa<\/strong><\/p>\n<p style=\"text-align: center;\">O motor da inova\u00e7\u00e3o e da competitividade.<\/p>\n\t\t\t\t\t\t\t\t<\/div>\n\t\t\t\t<\/div>\n\t\t\t\t\t<\/div>\n\t\t<\/div>\n\t\t\t\t<div class=\"elementor-column elementor-col-20 elementor-inner-column elementor-element elementor-element-983ee14\" data-id=\"983ee14\" data-element_type=\"column\">\n\t\t\t<div class=\"elementor-widget-wrap elementor-element-populated\">\n\t\t\t\t\t\t<div class=\"elementor-element elementor-element-4dae548 elementor-widget elementor-widget-text-editor\" data-id=\"4dae548\" data-element_type=\"widget\" data-widget_type=\"text-editor.default\">\n\t\t\t\t<div class=\"elementor-widget-container\">\n\t\t\t\t\t\t\t\t\t<p style=\"text-align: center;\"><strong>Fiabilidade<\/strong><br \/>A partir da experi\u00eancia, com responsabilidade e empenho.<\/p>\n\t\t\t\t\t\t\t\t<\/div>\n\t\t\t\t<\/div>\n\t\t\t\t\t<\/div>\n\t\t<\/div>\n\t\t\t\t<div class=\"elementor-column elementor-col-20 elementor-inner-column elementor-element elementor-element-98cf9ab\" data-id=\"98cf9ab\" data-element_type=\"column\">\n\t\t\t<div class=\"elementor-widget-wrap elementor-element-populated\">\n\t\t\t\t\t\t<div class=\"elementor-element elementor-element-1a20ffe elementor-widget elementor-widget-text-editor\" data-id=\"1a20ffe\" data-element_type=\"widget\" data-widget_type=\"text-editor.default\">\n\t\t\t\t<div class=\"elementor-widget-container\">\n\t\t\t\t\t\t\t\t\t<p style=\"text-align: center;\"><strong>Melhoramento Cont\u00ednuo<\/strong><br \/>Estamos a adaptar-nos \u00e0 mudan\u00e7a e a dar um passo \u00e0 frente.<\/p>\n\t\t\t\t\t\t\t\t<\/div>\n\t\t\t\t<\/div>\n\t\t\t\t\t<\/div>\n\t\t<\/div>\n\t\t\t\t\t<\/div>\n\t\t<\/section>\n\t\t\t\t\t<\/div>\n\t\t<\/div>\n\t\t\t\t\t<\/div>\n\t\t<\/section>\n\t\t\t\t<\/div>\n\t\t","protected":false},"excerpt":{"rendered":"<p>Trabalhe connosco Os nossos valores Colabora\u00e7\u00e3o Damos poder \u00e0s equipas porque juntos conseguimos mais. Perseveran\u00e7a Mobilizamos a realiza\u00e7\u00e3o, olhando sempre em frente. Curiosidade criativa O motor da inova\u00e7\u00e3o e da competitividade. Fiabilidade A partir da experi\u00eancia, com responsabilidade e empenho. Melhoramento Cont\u00ednuo Estamos a adaptar-nos \u00e0 mudan\u00e7a e a dar um passo \u00e0 frente.<\/p>\n","protected":false},"author":1,"featured_media":0,"parent":0,"menu_order":0,"comment_status":"closed","ping_status":"closed","template":"","meta":{"_acf_changed":false,"footnotes":""},"class_list":["post-73594","page","type-page","status-publish","hentry"],"acf":[],"yoast_head":"<!-- This site is optimized with the Yoast SEO plugin v26.8 - https:\/\/yoast.com\/product\/yoast-seo-wordpress\/ -->\n<title>Trabalhar conosco - Teamcore<\/title>\n<meta name=\"description\" content=\"Fa\u00e7a parte da equipe Teamcore. Junte-se a n\u00f3s para impulsionar a inova\u00e7\u00e3o, efici\u00eancia e sucesso em sua carreira profissional.\" \/>\n<meta name=\"robots\" content=\"index, follow, max-snippet:-1, max-image-preview:large, max-video-preview:-1\" \/>\n<link rel=\"canonical\" href=\"https:\/\/www.teamcore.com\/br\/trabalhar-conosco\/\" \/>\n<meta property=\"og:locale\" content=\"pt_BR\" \/>\n<meta property=\"og:type\" content=\"article\" \/>\n<meta property=\"og:title\" content=\"Trabalhar conosco - Teamcore\" \/>\n<meta property=\"og:description\" content=\"Fa\u00e7a parte da equipe Teamcore. Junte-se a n\u00f3s para impulsionar a inova\u00e7\u00e3o, efici\u00eancia e sucesso em sua carreira profissional.\" \/>\n<meta property=\"og:url\" content=\"https:\/\/www.teamcore.com\/br\/trabalhar-conosco\/\" \/>\n<meta property=\"og:site_name\" content=\"Teamcore\" \/>\n<meta property=\"article:modified_time\" content=\"2024-02-07T01:16:40+00:00\" \/>\n<meta name=\"twitter:card\" content=\"summary_large_image\" \/>\n<meta name=\"twitter:label1\" content=\"Est. tempo de leitura\" \/>\n\t<meta name=\"twitter:data1\" content=\"1 minuto\" \/>\n<script type=\"application\/ld+json\" class=\"yoast-schema-graph\">{\"@context\":\"https:\/\/schema.org\",\"@graph\":[{\"@type\":\"WebPage\",\"@id\":\"https:\/\/www.teamcore.com\/br\/trabalhar-conosco\/\",\"url\":\"https:\/\/www.teamcore.com\/br\/trabalhar-conosco\/\",\"name\":\"Trabalhar conosco - Teamcore\",\"isPartOf\":{\"@id\":\"https:\/\/www.teamcore.com\/br\/#website\"},\"datePublished\":\"2020-11-13T14:00:58+00:00\",\"dateModified\":\"2024-02-07T01:16:40+00:00\",\"description\":\"Fa\u00e7a parte da equipe Teamcore. Junte-se a n\u00f3s para impulsionar a inova\u00e7\u00e3o, efici\u00eancia e sucesso em sua carreira profissional.\",\"breadcrumb\":{\"@id\":\"https:\/\/www.teamcore.com\/br\/trabalhar-conosco\/#breadcrumb\"},\"inLanguage\":\"pt-BR\",\"potentialAction\":[{\"@type\":\"ReadAction\",\"target\":[\"https:\/\/www.teamcore.com\/br\/trabalhar-conosco\/\"]}]},{\"@type\":\"BreadcrumbList\",\"@id\":\"https:\/\/www.teamcore.com\/br\/trabalhar-conosco\/#breadcrumb\",\"itemListElement\":[{\"@type\":\"ListItem\",\"position\":1,\"name\":\"Home\",\"item\":\"https:\/\/www.teamcore.com\/br\/\"},{\"@type\":\"ListItem\",\"position\":2,\"name\":\"Trabalhar conosco\"}]},{\"@type\":\"WebSite\",\"@id\":\"https:\/\/www.teamcore.com\/br\/#website\",\"url\":\"https:\/\/www.teamcore.com\/br\/\",\"name\":\"Teamcore\",\"description\":\"Retail simple y accionable\",\"publisher\":{\"@id\":\"https:\/\/www.teamcore.com\/br\/#organization\"},\"potentialAction\":[{\"@type\":\"SearchAction\",\"target\":{\"@type\":\"EntryPoint\",\"urlTemplate\":\"https:\/\/www.teamcore.com\/br\/?s={search_term_string}\"},\"query-input\":{\"@type\":\"PropertyValueSpecification\",\"valueRequired\":true,\"valueName\":\"search_term_string\"}}],\"inLanguage\":\"pt-BR\"},{\"@type\":\"Organization\",\"@id\":\"https:\/\/www.teamcore.com\/br\/#organization\",\"name\":\"Teamcore\",\"alternateName\":\"Teamcore Solutions\",\"url\":\"https:\/\/www.teamcore.com\/br\/\",\"logo\":{\"@type\":\"ImageObject\",\"inLanguage\":\"pt-BR\",\"@id\":\"https:\/\/www.teamcore.com\/br\/#\/schema\/logo\/image\/\",\"url\":\"http:\/\/www.teamcore.com\/wp-content\/uploads\/2020\/11\/logo-tc-azul.png\",\"contentUrl\":\"http:\/\/www.teamcore.com\/wp-content\/uploads\/2020\/11\/logo-tc-azul.png\",\"width\":731,\"height\":196,\"caption\":\"Teamcore\"},\"image\":{\"@id\":\"https:\/\/www.teamcore.com\/br\/#\/schema\/logo\/image\/\"}}]}<\/script>\n<!-- \/ Yoast SEO plugin. -->","yoast_head_json":{"title":"Trabalhar conosco - Teamcore","description":"Fa\u00e7a parte da equipe Teamcore. Junte-se a n\u00f3s para impulsionar a inova\u00e7\u00e3o, efici\u00eancia e sucesso em sua carreira profissional.","robots":{"index":"index","follow":"follow","max-snippet":"max-snippet:-1","max-image-preview":"max-image-preview:large","max-video-preview":"max-video-preview:-1"},"canonical":"https:\/\/www.teamcore.com\/br\/trabalhar-conosco\/","og_locale":"pt_BR","og_type":"article","og_title":"Trabalhar conosco - Teamcore","og_description":"Fa\u00e7a parte da equipe Teamcore. Junte-se a n\u00f3s para impulsionar a inova\u00e7\u00e3o, efici\u00eancia e sucesso em sua carreira profissional.","og_url":"https:\/\/www.teamcore.com\/br\/trabalhar-conosco\/","og_site_name":"Teamcore","article_modified_time":"2024-02-07T01:16:40+00:00","twitter_card":"summary_large_image","twitter_misc":{"Est. tempo de leitura":"1 minuto"},"schema":{"@context":"https:\/\/schema.org","@graph":[{"@type":"WebPage","@id":"https:\/\/www.teamcore.com\/br\/trabalhar-conosco\/","url":"https:\/\/www.teamcore.com\/br\/trabalhar-conosco\/","name":"Trabalhar conosco - Teamcore","isPartOf":{"@id":"https:\/\/www.teamcore.com\/br\/#website"},"datePublished":"2020-11-13T14:00:58+00:00","dateModified":"2024-02-07T01:16:40+00:00","description":"Fa\u00e7a parte da equipe Teamcore. Junte-se a n\u00f3s para impulsionar a inova\u00e7\u00e3o, efici\u00eancia e sucesso em sua carreira profissional.","breadcrumb":{"@id":"https:\/\/www.teamcore.com\/br\/trabalhar-conosco\/#breadcrumb"},"inLanguage":"pt-BR","potentialAction":[{"@type":"ReadAction","target":["https:\/\/www.teamcore.com\/br\/trabalhar-conosco\/"]}]},{"@type":"BreadcrumbList","@id":"https:\/\/www.teamcore.com\/br\/trabalhar-conosco\/#breadcrumb","itemListElement":[{"@type":"ListItem","position":1,"name":"Home","item":"https:\/\/www.teamcore.com\/br\/"},{"@type":"ListItem","position":2,"name":"Trabalhar conosco"}]},{"@type":"WebSite","@id":"https:\/\/www.teamcore.com\/br\/#website","url":"https:\/\/www.teamcore.com\/br\/","name":"Teamcore","description":"Retail simple y accionable","publisher":{"@id":"https:\/\/www.teamcore.com\/br\/#organization"},"potentialAction":[{"@type":"SearchAction","target":{"@type":"EntryPoint","urlTemplate":"https:\/\/www.teamcore.com\/br\/?s={search_term_string}"},"query-input":{"@type":"PropertyValueSpecification","valueRequired":true,"valueName":"search_term_string"}}],"inLanguage":"pt-BR"},{"@type":"Organization","@id":"https:\/\/www.teamcore.com\/br\/#organization","name":"Teamcore","alternateName":"Teamcore Solutions","url":"https:\/\/www.teamcore.com\/br\/","logo":{"@type":"ImageObject","inLanguage":"pt-BR","@id":"https:\/\/www.teamcore.com\/br\/#\/schema\/logo\/image\/","url":"http:\/\/www.teamcore.com\/wp-content\/uploads\/2020\/11\/logo-tc-azul.png","contentUrl":"http:\/\/www.teamcore.com\/wp-content\/uploads\/2020\/11\/logo-tc-azul.png","width":731,"height":196,"caption":"Teamcore"},"image":{"@id":"https:\/\/www.teamcore.com\/br\/#\/schema\/logo\/image\/"}}]}},"_links":{"self":[{"href":"https:\/\/www.teamcore.com\/br\/wp-json\/wp\/v2\/pages\/73594","targetHints":{"allow":["GET"]}}],"collection":[{"href":"https:\/\/www.teamcore.com\/br\/wp-json\/wp\/v2\/pages"}],"about":[{"href":"https:\/\/www.teamcore.com\/br\/wp-json\/wp\/v2\/types\/page"}],"author":[{"embeddable":true,"href":"https:\/\/www.teamcore.com\/br\/wp-json\/wp\/v2\/users\/1"}],"replies":[{"embeddable":true,"href":"https:\/\/www.teamcore.com\/br\/wp-json\/wp\/v2\/comments?post=73594"}],"version-history":[{"count":4,"href":"https:\/\/www.teamcore.com\/br\/wp-json\/wp\/v2\/pages\/73594\/revisions"}],"predecessor-version":[{"id":109782,"href":"https:\/\/www.teamcore.com\/br\/wp-json\/wp\/v2\/pages\/73594\/revisions\/109782"}],"wp:attachment":[{"href":"https:\/\/www.teamcore.com\/br\/wp-json\/wp\/v2\/media?parent=73594"}],"curies":[{"name":"wp","href":"https:\/\/api.w.org\/{rel}","templated":true}]}}