{"id":81826,"date":"2023-06-23T11:49:34","date_gmt":"2023-06-23T15:49:34","guid":{"rendered":"http:\/\/www.teamcore.com\/casos-de-exito\/teamcore\/"},"modified":"2023-12-20T23:48:23","modified_gmt":"2023-12-21T02:48:23","slug":"nucleo-da-equipa","status":"publish","type":"page","link":"https:\/\/www.teamcore.com\/br\/casos-sucesso\/nucleo-da-equipa\/","title":{"rendered":"Hist\u00f3rias de sucesso da Teamcore"},"content":{"rendered":"\t\t<div data-elementor-type=\"wp-page\" data-elementor-id=\"81826\" class=\"elementor elementor-81826 elementor-80662\" data-elementor-post-type=\"page\">\n\t\t\t\t\t\t<section class=\"elementor-section elementor-top-section elementor-element elementor-element-869469b elementor-section-boxed elementor-section-height-default elementor-section-height-default\" data-id=\"869469b\" data-element_type=\"section\">\n\t\t\t\t\t\t<div class=\"elementor-container elementor-column-gap-default\">\n\t\t\t\t\t<div class=\"elementor-column elementor-col-100 elementor-top-column elementor-element elementor-element-686b387\" data-id=\"686b387\" data-element_type=\"column\">\n\t\t\t<div class=\"elementor-widget-wrap elementor-element-populated\">\n\t\t\t\t\t\t<div class=\"elementor-element elementor-element-de084c3 elementor-widget elementor-widget-heading\" data-id=\"de084c3\" data-element_type=\"widget\" data-widget_type=\"heading.default\">\n\t\t\t\t<div class=\"elementor-widget-container\">\n\t\t\t\t\t<h1 class=\"elementor-heading-title elementor-size-default\">Hist\u00f3rias de sucesso da Teamcore<\/h1>\t\t\t\t<\/div>\n\t\t\t\t<\/div>\n\t\t\t\t<section class=\"elementor-section elementor-inner-section elementor-element elementor-element-86518bf elementor-section-boxed elementor-section-height-default elementor-section-height-default\" data-id=\"86518bf\" data-element_type=\"section\">\n\t\t\t\t\t\t<div class=\"elementor-container elementor-column-gap-default\">\n\t\t\t\t\t<div class=\"elementor-column elementor-col-50 elementor-inner-column elementor-element elementor-element-9e690a1\" data-id=\"9e690a1\" data-element_type=\"column\">\n\t\t\t<div class=\"elementor-widget-wrap elementor-element-populated\">\n\t\t\t\t\t\t<div class=\"elementor-element elementor-element-99d2df2 elementor-widget elementor-widget-button\" data-id=\"99d2df2\" data-element_type=\"widget\" data-widget_type=\"button.default\">\n\t\t\t\t<div class=\"elementor-widget-container\">\n\t\t\t\t\t\t\t\t\t<div class=\"elementor-button-wrapper\">\n\t\t\t\t\t<a class=\"elementor-button elementor-button-link elementor-size-sm\" href=\"https:\/\/www.teamcore.net\/br\/casos-sucesso\/\">\n\t\t\t\t\t\t<span class=\"elementor-button-content-wrapper\">\n\t\t\t\t\t\t\t\t\t<span class=\"elementor-button-text\">Todos<\/span>\n\t\t\t\t\t<\/span>\n\t\t\t\t\t<\/a>\n\t\t\t\t<\/div>\n\t\t\t\t\t\t\t\t<\/div>\n\t\t\t\t<\/div>\n\t\t\t\t<div class=\"elementor-element elementor-element-9dcbfeb elementor-widget elementor-widget-text-editor\" data-id=\"9dcbfeb\" data-element_type=\"widget\" data-widget_type=\"text-editor.default\">\n\t\t\t\t<div class=\"elementor-widget-container\">\n\t\t\t\t\t\t\t\t\t<p>Teamcore<\/p>\n\t\t\t\t\t\t\t\t<\/div>\n\t\t\t\t<\/div>\n\t\t\t\t<div class=\"elementor-element elementor-element-a1b994e elementor-widget elementor-widget-button\" data-id=\"a1b994e\" data-element_type=\"widget\" data-widget_type=\"button.default\">\n\t\t\t\t<div class=\"elementor-widget-container\">\n\t\t\t\t\t\t\t\t\t<div class=\"elementor-button-wrapper\">\n\t\t\t\t\t<a class=\"elementor-button elementor-button-link elementor-size-sm\" href=\"https:\/\/www.teamcore.net\/br\/casos-sucesso\/visualizacao-na-loja\/\">\n\t\t\t\t\t\t<span class=\"elementor-button-content-wrapper\">\n\t\t\t\t\t\t\t\t\t<span class=\"elementor-button-text\">InStoreView<\/span>\n\t\t\t\t\t<\/span>\n\t\t\t\t\t<\/a>\n\t\t\t\t<\/div>\n\t\t\t\t\t\t\t\t<\/div>\n\t\t\t\t<\/div>\n\t\t\t\t\t<\/div>\n\t\t<\/div>\n\t\t\t\t<div class=\"elementor-column elementor-col-50 elementor-inner-column elementor-element elementor-element-c90226a\" data-id=\"c90226a\" data-element_type=\"column\">\n\t\t\t<div class=\"elementor-widget-wrap elementor-element-populated\">\n\t\t\t\t\t\t<div class=\"elementor-element elementor-element-67dc32a elementor-grid-3 elementor-grid-tablet-2 elementor-grid-mobile-1 elementor-posts--thumbnail-top elementor-widget elementor-widget-posts\" data-id=\"67dc32a\" data-element_type=\"widget\" data-settings=\"{&quot;classic_row_gap&quot;:{&quot;unit&quot;:&quot;px&quot;,&quot;size&quot;:0,&quot;sizes&quot;:[]},&quot;pagination_type&quot;:&quot;prev_next&quot;,&quot;classic_columns&quot;:&quot;3&quot;,&quot;classic_columns_tablet&quot;:&quot;2&quot;,&quot;classic_columns_mobile&quot;:&quot;1&quot;,&quot;classic_row_gap_tablet&quot;:{&quot;unit&quot;:&quot;px&quot;,&quot;size&quot;:&quot;&quot;,&quot;sizes&quot;:[]},&quot;classic_row_gap_mobile&quot;:{&quot;unit&quot;:&quot;px&quot;,&quot;size&quot;:&quot;&quot;,&quot;sizes&quot;:[]}}\" data-widget_type=\"posts.classic\">\n\t\t\t\t<div class=\"elementor-widget-container\">\n\t\t\t\t\t\t\t<div class=\"elementor-posts-container elementor-posts elementor-posts--skin-classic elementor-grid\" role=\"list\">\n\t\t\t\t<article class=\"elementor-post elementor-grid-item post-23649 casos-de-estudio type-casos-de-estudio status-publish format-standard has-post-thumbnail hentry category-casos-de-exito category-teamcore plantilla_de_estudio-video\" role=\"listitem\">\n\t\t\t\t<a class=\"elementor-post__thumbnail__link\" href=\"https:\/\/www.teamcore.com\/br\/casos-de-estudio\/bepensa-mexico\/\" tabindex=\"-1\" >\n\t\t\t<div class=\"elementor-post__thumbnail\"><img fetchpriority=\"high\" decoding=\"async\" width=\"282\" height=\"200\" src=\"https:\/\/www.teamcore.com\/wp-content\/uploads\/2022\/11\/Logo-bepensa-1.png\" class=\"attachment-medium size-medium wp-image-23681\" alt=\"Logo bepensa 1\" \/><\/div>\n\t\t<\/a>\n\t\t\t\t<div class=\"elementor-post__text\">\n\t\t\t\t<h3 class=\"elementor-post__title\">\n\t\t\t<a href=\"https:\/\/www.teamcore.com\/br\/casos-de-estudio\/bepensa-mexico\/\" >\n\t\t\t\tBepensa M\u00e9xico\t\t\t<\/a>\n\t\t<\/h3>\n\t\t\t\t<div class=\"elementor-post__meta-data\">\n\t\t\t\t\t<span class=\"elementor-post-date\">\n\t\t\t25 de novembro de 2022\t\t<\/span>\n\t\t\t\t<\/div>\n\t\t\t\t<div class=\"elementor-post__excerpt\">\n\t\t\t<p>Al trabajar con Teamcore, Bepensa evidenci\u00f3 mejoras inmediatas en la disponibilidad de producto en los puntos de venta.<\/p>\t\t<\/div>\n\t\t\t\t<\/div>\n\t\t\t\t<\/article>\n\t\t\t\t<article class=\"elementor-post elementor-grid-item post-21064 casos-de-estudio type-casos-de-estudio status-publish format-standard has-post-thumbnail hentry category-casos-de-exito category-teamcore plantilla_de_estudio-video\" role=\"listitem\">\n\t\t\t\t<a class=\"elementor-post__thumbnail__link\" href=\"https:\/\/www.teamcore.com\/br\/casos-de-estudio\/biotecnik\/\" tabindex=\"-1\" >\n\t\t\t<div class=\"elementor-post__thumbnail\"><img decoding=\"async\" width=\"300\" height=\"212\" data-src=\"https:\/\/www.teamcore.com\/wp-content\/uploads\/2022\/08\/biotecnik-300x212.png\" class=\"attachment-medium size-medium wp-image-21075 lazyload\" alt=\"biotecnik\" data-srcset=\"https:\/\/www.teamcore.com\/wp-content\/uploads\/2022\/08\/biotecnik-300x212.png 300w, https:\/\/www.teamcore.com\/wp-content\/uploads\/2022\/08\/biotecnik.png 424w\" data-sizes=\"(max-width: 300px) 100vw, 300px\" src=\"data:image\/svg+xml;base64,PHN2ZyB3aWR0aD0iMSIgaGVpZ2h0PSIxIiB4bWxucz0iaHR0cDovL3d3dy53My5vcmcvMjAwMC9zdmciPjwvc3ZnPg==\" style=\"--smush-placeholder-width: 300px; --smush-placeholder-aspect-ratio: 300\/212;\" \/><\/div>\n\t\t<\/a>\n\t\t\t\t<div class=\"elementor-post__text\">\n\t\t\t\t<h3 class=\"elementor-post__title\">\n\t\t\t<a href=\"https:\/\/www.teamcore.com\/br\/casos-de-estudio\/biotecnik\/\" >\n\t\t\t\tBiotecnik\t\t\t<\/a>\n\t\t<\/h3>\n\t\t\t\t<div class=\"elementor-post__meta-data\">\n\t\t\t\t\t<span class=\"elementor-post-date\">\n\t\t\t9 de agosto de 2022\t\t<\/span>\n\t\t\t\t<\/div>\n\t\t\t\t<div class=\"elementor-post__excerpt\">\n\t\t\t<p>Usando Teamcore se ha generado un valor agregado a toda la compa\u00f1\u00eda, optimizando las visitas y generando productividad.<\/p>\t\t<\/div>\n\t\t\t\t<\/div>\n\t\t\t\t<\/article>\n\t\t\t\t<article class=\"elementor-post elementor-grid-item post-21059 casos-de-estudio type-casos-de-estudio status-publish format-standard has-post-thumbnail hentry category-casos-de-exito category-teamcore plantilla_de_estudio-video\" role=\"listitem\">\n\t\t\t\t<a class=\"elementor-post__thumbnail__link\" href=\"https:\/\/www.teamcore.com\/br\/casos-de-estudio\/cambiaso\/\" tabindex=\"-1\" >\n\t\t\t<div class=\"elementor-post__thumbnail\"><img decoding=\"async\" width=\"300\" height=\"212\" data-src=\"https:\/\/www.teamcore.com\/wp-content\/uploads\/2022\/08\/cambiaso-1-300x212.png\" class=\"attachment-medium size-medium wp-image-21076 lazyload\" alt=\"cambiaso 1\" data-srcset=\"https:\/\/www.teamcore.com\/wp-content\/uploads\/2022\/08\/cambiaso-1-300x212.png 300w, https:\/\/www.teamcore.com\/wp-content\/uploads\/2022\/08\/cambiaso-1.png 424w\" data-sizes=\"(max-width: 300px) 100vw, 300px\" src=\"data:image\/svg+xml;base64,PHN2ZyB3aWR0aD0iMSIgaGVpZ2h0PSIxIiB4bWxucz0iaHR0cDovL3d3dy53My5vcmcvMjAwMC9zdmciPjwvc3ZnPg==\" style=\"--smush-placeholder-width: 300px; --smush-placeholder-aspect-ratio: 300\/212;\" \/><\/div>\n\t\t<\/a>\n\t\t\t\t<div class=\"elementor-post__text\">\n\t\t\t\t<h3 class=\"elementor-post__title\">\n\t\t\t<a href=\"https:\/\/www.teamcore.com\/br\/casos-de-estudio\/cambiaso\/\" >\n\t\t\t\tCambiaso\t\t\t<\/a>\n\t\t<\/h3>\n\t\t\t\t<div class=\"elementor-post__meta-data\">\n\t\t\t\t\t<span class=\"elementor-post-date\">\n\t\t\t9 de agosto de 2022\t\t<\/span>\n\t\t\t\t<\/div>\n\t\t\t\t<div class=\"elementor-post__excerpt\">\n\t\t\t<p>Teamcore pudo entregar una modalidad de trabajo que, gracias a la constante retroalimentaci\u00f3n, se ha perfeccionado durante a\u00f1os.<\/p>\t\t<\/div>\n\t\t\t\t<\/div>\n\t\t\t\t<\/article>\n\t\t\t\t<article class=\"elementor-post elementor-grid-item post-75701 casos-de-estudio type-casos-de-estudio status-publish format-standard has-post-thumbnail hentry category-casos-de-exito category-teamcore plantilla_de_estudio-escrito plantilla_de_estudio-video\" role=\"listitem\">\n\t\t\t\t<a class=\"elementor-post__thumbnail__link\" href=\"https:\/\/www.teamcore.com\/br\/casos-de-estudio\/carozzi\/\" tabindex=\"-1\" >\n\t\t\t<div class=\"elementor-post__thumbnail\"><img decoding=\"async\" width=\"300\" height=\"188\" data-src=\"https:\/\/www.teamcore.com\/wp-content\/uploads\/2023\/05\/Clientes-carozzi-color-300x188.png\" class=\"attachment-medium size-medium wp-image-75714 lazyload\" alt=\"Clientes carozzi color\" data-srcset=\"https:\/\/www.teamcore.com\/wp-content\/uploads\/2023\/05\/Clientes-carozzi-color-300x188.png 300w, https:\/\/www.teamcore.com\/wp-content\/uploads\/2023\/05\/Clientes-carozzi-color-768x480.png 768w, https:\/\/www.teamcore.com\/wp-content\/uploads\/2023\/05\/Clientes-carozzi-color.png 800w\" data-sizes=\"(max-width: 300px) 100vw, 300px\" src=\"data:image\/svg+xml;base64,PHN2ZyB3aWR0aD0iMSIgaGVpZ2h0PSIxIiB4bWxucz0iaHR0cDovL3d3dy53My5vcmcvMjAwMC9zdmciPjwvc3ZnPg==\" style=\"--smush-placeholder-width: 300px; --smush-placeholder-aspect-ratio: 300\/188;\" \/><\/div>\n\t\t<\/a>\n\t\t\t\t<div class=\"elementor-post__text\">\n\t\t\t\t<h3 class=\"elementor-post__title\">\n\t\t\t<a href=\"https:\/\/www.teamcore.com\/br\/casos-de-estudio\/carozzi\/\" >\n\t\t\t\tCarozzi\t\t\t<\/a>\n\t\t<\/h3>\n\t\t\t\t<div class=\"elementor-post__meta-data\">\n\t\t\t\t\t<span class=\"elementor-post-date\">\n\t\t\t10 de maio de 2023\t\t<\/span>\n\t\t\t\t<\/div>\n\t\t\t\t<div class=\"elementor-post__excerpt\">\n\t\t\t<p>Al trabajar con Teamcore, Carozzi logr\u00f3 ser m\u00e1s eficiente el punto de venta y digitalizar a su equipo en terreno.<\/p>\t\t<\/div>\n\t\t\t\t<\/div>\n\t\t\t\t<\/article>\n\t\t\t\t<article class=\"elementor-post elementor-grid-item post-23466 casos-de-estudio type-casos-de-estudio status-publish format-standard has-post-thumbnail hentry category-casos-de-exito category-teamcore plantilla_de_estudio-escrito\" role=\"listitem\">\n\t\t\t\t<a class=\"elementor-post__thumbnail__link\" href=\"https:\/\/www.teamcore.com\/br\/casos-de-estudio\/ccu\/\" tabindex=\"-1\" >\n\t\t\t<div class=\"elementor-post__thumbnail\"><img decoding=\"async\" width=\"250\" height=\"177\" data-src=\"https:\/\/www.teamcore.com\/wp-content\/uploads\/2022\/10\/CCU-logo.png\" class=\"attachment-medium size-medium wp-image-23599 lazyload\" alt=\"CCU logo\" src=\"data:image\/svg+xml;base64,PHN2ZyB3aWR0aD0iMSIgaGVpZ2h0PSIxIiB4bWxucz0iaHR0cDovL3d3dy53My5vcmcvMjAwMC9zdmciPjwvc3ZnPg==\" style=\"--smush-placeholder-width: 250px; --smush-placeholder-aspect-ratio: 250\/177;\" \/><\/div>\n\t\t<\/a>\n\t\t\t\t<div class=\"elementor-post__text\">\n\t\t\t\t<h3 class=\"elementor-post__title\">\n\t\t\t<a href=\"https:\/\/www.teamcore.com\/br\/casos-de-estudio\/ccu\/\" >\n\t\t\t\tCCU Chile\t\t\t<\/a>\n\t\t<\/h3>\n\t\t\t\t<div class=\"elementor-post__meta-data\">\n\t\t\t\t\t<span class=\"elementor-post-date\">\n\t\t\t26 de outubro de 2022\t\t<\/span>\n\t\t\t\t<\/div>\n\t\t\t\t<div class=\"elementor-post__excerpt\">\n\t\t\t<p>Su reto era generar procesos de retroalimentaci\u00f3n y an\u00e1lisis de informaci\u00f3n, para mejorar continuamente, consolidarse y crecer. A este objetivo le agreg\u00f3 dificultad con el gran tama\u00f1o de la compa\u00f1\u00eda\t\t<\/div>\n\t\t\t\t<\/div>\n\t\t\t\t<\/article>\n\t\t\t\t<article class=\"elementor-post elementor-grid-item post-21026 casos-de-estudio type-casos-de-estudio status-publish format-standard has-post-thumbnail hentry category-casos-de-exito category-teamcore plantilla_de_estudio-video\" role=\"listitem\">\n\t\t\t\t<a class=\"elementor-post__thumbnail__link\" href=\"https:\/\/www.teamcore.com\/br\/casos-de-estudio\/colgate\/\" tabindex=\"-1\" >\n\t\t\t<div class=\"elementor-post__thumbnail\"><img decoding=\"async\" width=\"300\" height=\"212\" data-src=\"https:\/\/www.teamcore.com\/wp-content\/uploads\/2022\/08\/colgate-1-300x212.png\" class=\"attachment-medium size-medium wp-image-21077 lazyload\" alt=\"colgate 1\" data-srcset=\"https:\/\/www.teamcore.com\/wp-content\/uploads\/2022\/08\/colgate-1-300x212.png 300w, https:\/\/www.teamcore.com\/wp-content\/uploads\/2022\/08\/colgate-1.png 424w\" data-sizes=\"(max-width: 300px) 100vw, 300px\" src=\"data:image\/svg+xml;base64,PHN2ZyB3aWR0aD0iMSIgaGVpZ2h0PSIxIiB4bWxucz0iaHR0cDovL3d3dy53My5vcmcvMjAwMC9zdmciPjwvc3ZnPg==\" style=\"--smush-placeholder-width: 300px; --smush-placeholder-aspect-ratio: 300\/212;\" \/><\/div>\n\t\t<\/a>\n\t\t\t\t<div class=\"elementor-post__text\">\n\t\t\t\t<h3 class=\"elementor-post__title\">\n\t\t\t<a href=\"https:\/\/www.teamcore.com\/br\/casos-de-estudio\/colgate\/\" >\n\t\t\t\tColgate\t\t\t<\/a>\n\t\t<\/h3>\n\t\t\t\t<div class=\"elementor-post__meta-data\">\n\t\t\t\t\t<span class=\"elementor-post-date\">\n\t\t\t3 de novembro de 2022\t\t<\/span>\n\t\t\t\t<\/div>\n\t\t\t\t<div class=\"elementor-post__excerpt\">\n\t\t\t<p>Con Teamcore, Colgate busca cumplir sus objetivos de ventas y construir valor agregado, siendo m\u00e1s estrat\u00e9gico en la toma de decisiones.<\/p>\t\t<\/div>\n\t\t\t\t<\/div>\n\t\t\t\t<\/article>\n\t\t\t\t<\/div>\n\t\t\n\t\t\t\t<div class=\"e-load-more-anchor\" data-page=\"1\" data-max-page=\"2\" data-next-page=\"https:\/\/www.teamcore.com\/br\/wp-json\/wp\/v2\/pages\/81826\/page\/2\/\"><\/div>\n\t\t\t\t<nav class=\"elementor-pagination\" aria-label=\"Pagina\u00e7\u00e3o\">\n\t\t\t<span class=\"page-numbers prev\">\u00ab Anterior<\/span>\n<a class=\"page-numbers next\" href=\"https:\/\/www.teamcore.com\/br\/wp-json\/wp\/v2\/pages\/81826\/page\/2\/\">Pr\u00f3ximo \u00bb<\/a>\t\t<\/nav>\n\t\t\t\t\t\t<\/div>\n\t\t\t\t<\/div>\n\t\t\t\t\t<\/div>\n\t\t<\/div>\n\t\t\t\t\t<\/div>\n\t\t<\/section>\n\t\t\t\t\t<\/div>\n\t\t<\/div>\n\t\t\t\t\t<\/div>\n\t\t<\/section>\n\t\t\t\t<\/div>\n\t\t","protected":false},"excerpt":{"rendered":"<p>Conhe\u00e7a as hist\u00f3rias de sucesso da Teamcore e como os nossos produtos ajudaram os nossos clientes a evoluir as suas opera\u00e7\u00f5es.<\/p>\n","protected":false},"author":28,"featured_media":0,"parent":81802,"menu_order":0,"comment_status":"closed","ping_status":"closed","template":"","meta":{"_acf_changed":false,"footnotes":""},"class_list":["post-81826","page","type-page","status-publish","hentry"],"acf":[],"yoast_head":"<!-- This site is optimized with the Yoast SEO plugin v26.8 - https:\/\/yoast.com\/product\/yoast-seo-wordpress\/ -->\n<title>Hist\u00f3rias de sucesso da Teamcore - Teamcore<\/title>\n<meta name=\"description\" content=\"Conhe\u00e7a as hist\u00f3rias de sucesso da Teamcore e como os nossos produtos ajudaram os nossos clientes a evoluir as suas opera\u00e7\u00f5es.\" \/>\n<meta name=\"robots\" content=\"index, follow, max-snippet:-1, max-image-preview:large, max-video-preview:-1\" \/>\n<link rel=\"canonical\" href=\"https:\/\/www.teamcore.com\/br\/casos-sucesso\/nucleo-da-equipa\/\" \/>\n<meta property=\"og:locale\" content=\"pt_BR\" \/>\n<meta property=\"og:type\" content=\"article\" \/>\n<meta property=\"og:title\" content=\"Hist\u00f3rias de sucesso da Teamcore - Teamcore\" \/>\n<meta property=\"og:description\" content=\"Conhe\u00e7a as hist\u00f3rias de sucesso da Teamcore e como os nossos produtos ajudaram os nossos clientes a evoluir as suas opera\u00e7\u00f5es.\" \/>\n<meta property=\"og:url\" content=\"https:\/\/www.teamcore.com\/br\/casos-sucesso\/nucleo-da-equipa\/\" \/>\n<meta property=\"og:site_name\" content=\"Teamcore\" \/>\n<meta property=\"article:modified_time\" content=\"2023-12-21T02:48:23+00:00\" \/>\n<meta name=\"twitter:card\" content=\"summary_large_image\" \/>\n<meta name=\"twitter:label1\" content=\"Est. tempo de leitura\" \/>\n\t<meta name=\"twitter:data1\" content=\"3 minutos\" \/>\n<script type=\"application\/ld+json\" class=\"yoast-schema-graph\">{\"@context\":\"https:\/\/schema.org\",\"@graph\":[{\"@type\":\"WebPage\",\"@id\":\"https:\/\/www.teamcore.com\/br\/casos-sucesso\/nucleo-da-equipa\/\",\"url\":\"https:\/\/www.teamcore.com\/br\/casos-sucesso\/nucleo-da-equipa\/\",\"name\":\"Hist\u00f3rias de sucesso da Teamcore - Teamcore\",\"isPartOf\":{\"@id\":\"https:\/\/www.teamcore.com\/br\/#website\"},\"datePublished\":\"2023-06-23T15:49:34+00:00\",\"dateModified\":\"2023-12-21T02:48:23+00:00\",\"description\":\"Conhe\u00e7a as hist\u00f3rias de sucesso da Teamcore e como os nossos produtos ajudaram os nossos clientes a evoluir as suas opera\u00e7\u00f5es.\",\"breadcrumb\":{\"@id\":\"https:\/\/www.teamcore.com\/br\/casos-sucesso\/nucleo-da-equipa\/#breadcrumb\"},\"inLanguage\":\"pt-BR\",\"potentialAction\":[{\"@type\":\"ReadAction\",\"target\":[\"https:\/\/www.teamcore.com\/br\/casos-sucesso\/nucleo-da-equipa\/\"]}]},{\"@type\":\"BreadcrumbList\",\"@id\":\"https:\/\/www.teamcore.com\/br\/casos-sucesso\/nucleo-da-equipa\/#breadcrumb\",\"itemListElement\":[{\"@type\":\"ListItem\",\"position\":1,\"name\":\"Home\",\"item\":\"https:\/\/www.teamcore.com\/br\/\"},{\"@type\":\"ListItem\",\"position\":2,\"name\":\"Casos de sucesso\",\"item\":\"https:\/\/www.teamcore.com\/br\/casos-sucesso\/\"},{\"@type\":\"ListItem\",\"position\":3,\"name\":\"Hist\u00f3rias de sucesso da Teamcore\"}]},{\"@type\":\"WebSite\",\"@id\":\"https:\/\/www.teamcore.com\/br\/#website\",\"url\":\"https:\/\/www.teamcore.com\/br\/\",\"name\":\"Teamcore\",\"description\":\"Retail simple y accionable\",\"publisher\":{\"@id\":\"https:\/\/www.teamcore.com\/br\/#organization\"},\"potentialAction\":[{\"@type\":\"SearchAction\",\"target\":{\"@type\":\"EntryPoint\",\"urlTemplate\":\"https:\/\/www.teamcore.com\/br\/?s={search_term_string}\"},\"query-input\":{\"@type\":\"PropertyValueSpecification\",\"valueRequired\":true,\"valueName\":\"search_term_string\"}}],\"inLanguage\":\"pt-BR\"},{\"@type\":\"Organization\",\"@id\":\"https:\/\/www.teamcore.com\/br\/#organization\",\"name\":\"Teamcore\",\"alternateName\":\"Teamcore Solutions\",\"url\":\"https:\/\/www.teamcore.com\/br\/\",\"logo\":{\"@type\":\"ImageObject\",\"inLanguage\":\"pt-BR\",\"@id\":\"https:\/\/www.teamcore.com\/br\/#\/schema\/logo\/image\/\",\"url\":\"http:\/\/www.teamcore.com\/wp-content\/uploads\/2020\/11\/logo-tc-azul.png\",\"contentUrl\":\"http:\/\/www.teamcore.com\/wp-content\/uploads\/2020\/11\/logo-tc-azul.png\",\"width\":731,\"height\":196,\"caption\":\"Teamcore\"},\"image\":{\"@id\":\"https:\/\/www.teamcore.com\/br\/#\/schema\/logo\/image\/\"}}]}<\/script>\n<!-- \/ Yoast SEO plugin. -->","yoast_head_json":{"title":"Hist\u00f3rias de sucesso da Teamcore - Teamcore","description":"Conhe\u00e7a as hist\u00f3rias de sucesso da Teamcore e como os nossos produtos ajudaram os nossos clientes a evoluir as suas opera\u00e7\u00f5es.","robots":{"index":"index","follow":"follow","max-snippet":"max-snippet:-1","max-image-preview":"max-image-preview:large","max-video-preview":"max-video-preview:-1"},"canonical":"https:\/\/www.teamcore.com\/br\/casos-sucesso\/nucleo-da-equipa\/","og_locale":"pt_BR","og_type":"article","og_title":"Hist\u00f3rias de sucesso da Teamcore - Teamcore","og_description":"Conhe\u00e7a as hist\u00f3rias de sucesso da Teamcore e como os nossos produtos ajudaram os nossos clientes a evoluir as suas opera\u00e7\u00f5es.","og_url":"https:\/\/www.teamcore.com\/br\/casos-sucesso\/nucleo-da-equipa\/","og_site_name":"Teamcore","article_modified_time":"2023-12-21T02:48:23+00:00","twitter_card":"summary_large_image","twitter_misc":{"Est. tempo de leitura":"3 minutos"},"schema":{"@context":"https:\/\/schema.org","@graph":[{"@type":"WebPage","@id":"https:\/\/www.teamcore.com\/br\/casos-sucesso\/nucleo-da-equipa\/","url":"https:\/\/www.teamcore.com\/br\/casos-sucesso\/nucleo-da-equipa\/","name":"Hist\u00f3rias de sucesso da Teamcore - Teamcore","isPartOf":{"@id":"https:\/\/www.teamcore.com\/br\/#website"},"datePublished":"2023-06-23T15:49:34+00:00","dateModified":"2023-12-21T02:48:23+00:00","description":"Conhe\u00e7a as hist\u00f3rias de sucesso da Teamcore e como os nossos produtos ajudaram os nossos clientes a evoluir as suas opera\u00e7\u00f5es.","breadcrumb":{"@id":"https:\/\/www.teamcore.com\/br\/casos-sucesso\/nucleo-da-equipa\/#breadcrumb"},"inLanguage":"pt-BR","potentialAction":[{"@type":"ReadAction","target":["https:\/\/www.teamcore.com\/br\/casos-sucesso\/nucleo-da-equipa\/"]}]},{"@type":"BreadcrumbList","@id":"https:\/\/www.teamcore.com\/br\/casos-sucesso\/nucleo-da-equipa\/#breadcrumb","itemListElement":[{"@type":"ListItem","position":1,"name":"Home","item":"https:\/\/www.teamcore.com\/br\/"},{"@type":"ListItem","position":2,"name":"Casos de sucesso","item":"https:\/\/www.teamcore.com\/br\/casos-sucesso\/"},{"@type":"ListItem","position":3,"name":"Hist\u00f3rias de sucesso da Teamcore"}]},{"@type":"WebSite","@id":"https:\/\/www.teamcore.com\/br\/#website","url":"https:\/\/www.teamcore.com\/br\/","name":"Teamcore","description":"Retail simple y accionable","publisher":{"@id":"https:\/\/www.teamcore.com\/br\/#organization"},"potentialAction":[{"@type":"SearchAction","target":{"@type":"EntryPoint","urlTemplate":"https:\/\/www.teamcore.com\/br\/?s={search_term_string}"},"query-input":{"@type":"PropertyValueSpecification","valueRequired":true,"valueName":"search_term_string"}}],"inLanguage":"pt-BR"},{"@type":"Organization","@id":"https:\/\/www.teamcore.com\/br\/#organization","name":"Teamcore","alternateName":"Teamcore Solutions","url":"https:\/\/www.teamcore.com\/br\/","logo":{"@type":"ImageObject","inLanguage":"pt-BR","@id":"https:\/\/www.teamcore.com\/br\/#\/schema\/logo\/image\/","url":"http:\/\/www.teamcore.com\/wp-content\/uploads\/2020\/11\/logo-tc-azul.png","contentUrl":"http:\/\/www.teamcore.com\/wp-content\/uploads\/2020\/11\/logo-tc-azul.png","width":731,"height":196,"caption":"Teamcore"},"image":{"@id":"https:\/\/www.teamcore.com\/br\/#\/schema\/logo\/image\/"}}]}},"_links":{"self":[{"href":"https:\/\/www.teamcore.com\/br\/wp-json\/wp\/v2\/pages\/81826","targetHints":{"allow":["GET"]}}],"collection":[{"href":"https:\/\/www.teamcore.com\/br\/wp-json\/wp\/v2\/pages"}],"about":[{"href":"https:\/\/www.teamcore.com\/br\/wp-json\/wp\/v2\/types\/page"}],"author":[{"embeddable":true,"href":"https:\/\/www.teamcore.com\/br\/wp-json\/wp\/v2\/users\/28"}],"replies":[{"embeddable":true,"href":"https:\/\/www.teamcore.com\/br\/wp-json\/wp\/v2\/comments?post=81826"}],"version-history":[{"count":5,"href":"https:\/\/www.teamcore.com\/br\/wp-json\/wp\/v2\/pages\/81826\/revisions"}],"predecessor-version":[{"id":87211,"href":"https:\/\/www.teamcore.com\/br\/wp-json\/wp\/v2\/pages\/81826\/revisions\/87211"}],"up":[{"embeddable":true,"href":"https:\/\/www.teamcore.com\/br\/wp-json\/wp\/v2\/pages\/81802"}],"wp:attachment":[{"href":"https:\/\/www.teamcore.com\/br\/wp-json\/wp\/v2\/media?parent=81826"}],"curies":[{"name":"wp","href":"https:\/\/api.w.org\/{rel}","templated":true}]}}