{"id":65094,"date":"2022-10-13T18:39:52","date_gmt":"2022-10-13T21:39:52","guid":{"rendered":"http:\/\/www.teamcore.com\/solicitar-demo\/"},"modified":"2024-03-18T16:45:51","modified_gmt":"2024-03-18T19:45:51","slug":"solicitar-demo","status":"publish","type":"page","link":"https:\/\/www.teamcore.com\/pe\/solicitar-demo\/","title":{"rendered":"Conversemos"},"content":{"rendered":"\t\t<div data-elementor-type=\"wp-page\" data-elementor-id=\"65094\" class=\"elementor elementor-65094 elementor-23204\" data-elementor-post-type=\"page\">\n\t\t\t\t\t\t<section class=\"elementor-section elementor-top-section elementor-element elementor-element-c8f8047 elementor-section-height-min-height elementor-section-boxed elementor-section-height-default elementor-section-items-middle\" data-id=\"c8f8047\" data-element_type=\"section\" data-settings=\"{&quot;background_background&quot;:&quot;classic&quot;,&quot;shape_divider_bottom&quot;:&quot;pyramids&quot;,&quot;shape_divider_bottom_negative&quot;:&quot;yes&quot;}\">\n\t\t\t\t\t<div class=\"elementor-shape elementor-shape-bottom\" aria-hidden=\"true\" data-negative=\"true\">\n\t\t\t<svg xmlns=\"http:\/\/www.w3.org\/2000\/svg\" viewBox=\"0 0 1000 100\" preserveAspectRatio=\"none\">\n\t<path class=\"elementor-shape-fill\" d=\"M761.9,40.6L643.1,24L333.9,93.8L0.1,1H0v99h1000V1\"\/>\n<\/svg>\t\t<\/div>\n\t\t\t\t\t<div class=\"elementor-container elementor-column-gap-default\">\n\t\t\t\t\t<div class=\"elementor-column elementor-col-50 elementor-top-column elementor-element elementor-element-a71b329\" data-id=\"a71b329\" data-element_type=\"column\">\n\t\t\t<div class=\"elementor-widget-wrap elementor-element-populated\">\n\t\t\t\t\t\t<div class=\"elementor-element elementor-element-636e9c4 elementor-widget elementor-widget-image\" data-id=\"636e9c4\" data-element_type=\"widget\" data-widget_type=\"image.default\">\n\t\t\t\t<div class=\"elementor-widget-container\">\n\t\t\t\t\t\t\t\t\t\t\t\t\t\t\t<img fetchpriority=\"high\" decoding=\"async\" width=\"451\" height=\"400\" src=\"https:\/\/www.teamcore.com\/wp-content\/uploads\/2022\/11\/Matias-editado.png\" class=\"attachment-large size-large wp-image-37903\" alt=\"Matias editado\" srcset=\"https:\/\/www.teamcore.com\/wp-content\/uploads\/2022\/11\/Matias-editado.png 451w, https:\/\/www.teamcore.com\/wp-content\/uploads\/2022\/11\/Matias-editado-300x266.png 300w\" sizes=\"(max-width: 451px) 100vw, 451px\" \/>\t\t\t\t\t\t\t\t\t\t\t\t\t\t\t<\/div>\n\t\t\t\t<\/div>\n\t\t\t\t<div class=\"elementor-element elementor-element-6594704 elementor-widget elementor-widget-heading\" data-id=\"6594704\" data-element_type=\"widget\" data-widget_type=\"heading.default\">\n\t\t\t\t<div class=\"elementor-widget-container\">\n\t\t\t\t\t<h1 class=\"elementor-heading-title elementor-size-medium\">Aumenta <b>+9 puntos<\/b> la disponibilidad de productos en g\u00f3ndola.<\/h1>\t\t\t\t<\/div>\n\t\t\t\t<\/div>\n\t\t\t\t\t<\/div>\n\t\t<\/div>\n\t\t\t\t<div class=\"elementor-column elementor-col-50 elementor-top-column elementor-element elementor-element-0912375\" data-id=\"0912375\" data-element_type=\"column\" data-settings=\"{&quot;background_background&quot;:&quot;classic&quot;}\">\n\t\t\t<div class=\"elementor-widget-wrap elementor-element-populated\">\n\t\t\t\t\t\t<div class=\"elementor-element elementor-element-3bd4638 elementor-widget elementor-widget-heading\" data-id=\"3bd4638\" data-element_type=\"widget\" data-widget_type=\"heading.default\">\n\t\t\t\t<div class=\"elementor-widget-container\">\n\t\t\t\t\t<div class=\"elementor-heading-title elementor-size-medium\">Conversemos<\/div>\t\t\t\t<\/div>\n\t\t\t\t<\/div>\n\t\t\t\t<div class=\"elementor-element elementor-element-032be80 elementor-widget elementor-widget-shortcode\" data-id=\"032be80\" data-element_type=\"widget\" data-widget_type=\"shortcode.default\">\n\t\t\t\t<div class=\"elementor-widget-container\">\n\t\t\t\t\t\t\t<div class=\"elementor-shortcode\">\r\n<script charset=\"utf-8\" type=\"text\/javascript\" src=\"\/\/js.hsforms.net\/forms\/v2.js\"><\/script>\r\n<script>\r\n  hbspt.forms.create({\r\n\tregion: \"na1\",\r\n\tportalId: \"2254019\",\r\n\tformId: \"95739424-5690-49c6-a022-42365f115a70\",\r\n      onFormReady: function($form, ctx){            \r\n              $form.find('input[name=\"converted_on_external_page\"]').val(window.location.href).change();\r\n        }\r\n});\r\n<\/script><\/div>\n\t\t\t\t\t\t<\/div>\n\t\t\t\t<\/div>\n\t\t\t\t\t<\/div>\n\t\t<\/div>\n\t\t\t\t\t<\/div>\n\t\t<\/section>\n\t\t\t\t<section class=\"elementor-section elementor-top-section elementor-element elementor-element-a501c7b elementor-section-content-middle elementor-section-height-min-height elementor-section-boxed elementor-section-height-default elementor-section-items-middle\" data-id=\"a501c7b\" data-element_type=\"section\" data-settings=\"{&quot;background_background&quot;:&quot;classic&quot;}\">\n\t\t\t\t\t\t<div class=\"elementor-container elementor-column-gap-wider\">\n\t\t\t\t\t<div class=\"elementor-column elementor-col-100 elementor-top-column elementor-element elementor-element-c9428c1\" data-id=\"c9428c1\" data-element_type=\"column\">\n\t\t\t<div class=\"elementor-widget-wrap elementor-element-populated\">\n\t\t\t\t\t\t<div class=\"elementor-element elementor-element-cc733af elementor-widget elementor-widget-heading\" data-id=\"cc733af\" data-element_type=\"widget\" data-widget_type=\"heading.default\">\n\t\t\t\t<div class=\"elementor-widget-container\">\n\t\t\t\t\t<h3 class=\"elementor-heading-title elementor-size-default\">M\u00e1s de 500 marcas conf\u00edan en nosotros. <\/h3>\t\t\t\t<\/div>\n\t\t\t\t<\/div>\n\t\t\t\t<div class=\"elementor-element elementor-element-af85e30 elementor-widget elementor-widget-image-carousel\" data-id=\"af85e30\" data-element_type=\"widget\" data-settings=\"{&quot;slides_to_show&quot;:&quot;6&quot;,&quot;slides_to_show_tablet&quot;:&quot;6&quot;,&quot;slides_to_show_mobile&quot;:&quot;4&quot;,&quot;slides_to_scroll&quot;:&quot;3&quot;,&quot;slides_to_scroll_tablet&quot;:&quot;6&quot;,&quot;slides_to_scroll_mobile&quot;:&quot;3&quot;,&quot;navigation&quot;:&quot;none&quot;,&quot;lazyload&quot;:&quot;yes&quot;,&quot;pause_on_hover&quot;:&quot;no&quot;,&quot;autoplay_speed&quot;:3500,&quot;speed&quot;:160,&quot;image_spacing_custom&quot;:{&quot;unit&quot;:&quot;px&quot;,&quot;size&quot;:23,&quot;sizes&quot;:[]},&quot;autoplay&quot;:&quot;yes&quot;,&quot;pause_on_interaction&quot;:&quot;yes&quot;,&quot;infinite&quot;:&quot;yes&quot;,&quot;image_spacing_custom_tablet&quot;:{&quot;unit&quot;:&quot;px&quot;,&quot;size&quot;:&quot;&quot;,&quot;sizes&quot;:[]},&quot;image_spacing_custom_mobile&quot;:{&quot;unit&quot;:&quot;px&quot;,&quot;size&quot;:&quot;&quot;,&quot;sizes&quot;:[]}}\" data-widget_type=\"image-carousel.default\">\n\t\t\t\t<div class=\"elementor-widget-container\">\n\t\t\t\t\t\t\t<div class=\"elementor-image-carousel-wrapper swiper\" role=\"region\" aria-roledescription=\"carousel\" aria-label=\"Carrusel de im\u00e1genes\" dir=\"ltr\">\n\t\t\t<div class=\"elementor-image-carousel swiper-wrapper\" aria-live=\"off\">\n\t\t\t\t\t\t\t\t<div class=\"swiper-slide\" role=\"group\" aria-roledescription=\"slide\" aria-label=\"1 de 12\"><figure class=\"swiper-slide-inner\"><img class=\"swiper-slide-image swiper-lazy\" data-src=\"https:\/\/www.teamcore.com\/wp-content\/uploads\/2022\/12\/Bic-logo.png\" alt=\"Bic logo\" \/><div class=\"swiper-lazy-preloader\"><\/div><\/figure><\/div><div class=\"swiper-slide\" role=\"group\" aria-roledescription=\"slide\" aria-label=\"2 de 12\"><figure class=\"swiper-slide-inner\"><img class=\"swiper-slide-image swiper-lazy\" data-src=\"https:\/\/www.teamcore.com\/wp-content\/uploads\/2022\/12\/bimbo-logo.png\" alt=\"bimbo logo\" \/><div class=\"swiper-lazy-preloader\"><\/div><\/figure><\/div><div class=\"swiper-slide\" role=\"group\" aria-roledescription=\"slide\" aria-label=\"3 de 12\"><figure class=\"swiper-slide-inner\"><img class=\"swiper-slide-image swiper-lazy\" data-src=\"https:\/\/www.teamcore.com\/wp-content\/uploads\/2022\/12\/coke-logo.png\" alt=\"coke logo\" \/><div class=\"swiper-lazy-preloader\"><\/div><\/figure><\/div><div class=\"swiper-slide\" role=\"group\" aria-roledescription=\"slide\" aria-label=\"4 de 12\"><figure class=\"swiper-slide-inner\"><img class=\"swiper-slide-image swiper-lazy\" data-src=\"https:\/\/www.teamcore.com\/wp-content\/uploads\/2022\/12\/colgate-logo.png\" alt=\"colgate logo\" \/><div class=\"swiper-lazy-preloader\"><\/div><\/figure><\/div><div class=\"swiper-slide\" role=\"group\" aria-roledescription=\"slide\" aria-label=\"5 de 12\"><figure class=\"swiper-slide-inner\"><img class=\"swiper-slide-image swiper-lazy\" data-src=\"https:\/\/www.teamcore.com\/wp-content\/uploads\/2022\/12\/essity-logo.png\" alt=\"essity logo\" \/><div class=\"swiper-lazy-preloader\"><\/div><\/figure><\/div><div class=\"swiper-slide\" role=\"group\" aria-roledescription=\"slide\" aria-label=\"6 de 12\"><figure class=\"swiper-slide-inner\"><img class=\"swiper-slide-image swiper-lazy\" data-src=\"https:\/\/www.teamcore.com\/wp-content\/uploads\/2022\/12\/gepp-logo.png\" alt=\"gepp logo\" \/><div class=\"swiper-lazy-preloader\"><\/div><\/figure><\/div><div class=\"swiper-slide\" role=\"group\" aria-roledescription=\"slide\" aria-label=\"7 de 12\"><figure class=\"swiper-slide-inner\"><img class=\"swiper-slide-image swiper-lazy\" data-src=\"https:\/\/www.teamcore.com\/wp-content\/uploads\/2022\/12\/Heinz-logo.png\" alt=\"Heinz logo\" \/><div class=\"swiper-lazy-preloader\"><\/div><\/figure><\/div><div class=\"swiper-slide\" role=\"group\" aria-roledescription=\"slide\" aria-label=\"8 de 12\"><figure class=\"swiper-slide-inner\"><img class=\"swiper-slide-image swiper-lazy\" data-src=\"https:\/\/www.teamcore.com\/wp-content\/uploads\/2022\/12\/hersheys-logo.png\" alt=\"hersheys logo\" \/><div class=\"swiper-lazy-preloader\"><\/div><\/figure><\/div><div class=\"swiper-slide\" role=\"group\" aria-roledescription=\"slide\" aria-label=\"9 de 12\"><figure class=\"swiper-slide-inner\"><img class=\"swiper-slide-image swiper-lazy\" data-src=\"https:\/\/www.teamcore.com\/wp-content\/uploads\/2022\/12\/LALA-logo.png\" alt=\"LALA logo\" \/><div class=\"swiper-lazy-preloader\"><\/div><\/figure><\/div><div class=\"swiper-slide\" role=\"group\" aria-roledescription=\"slide\" aria-label=\"10 de 12\"><figure class=\"swiper-slide-inner\"><img class=\"swiper-slide-image swiper-lazy\" data-src=\"https:\/\/www.teamcore.com\/wp-content\/uploads\/2022\/12\/Loreal-logo.png\" alt=\"Loreal logo\" \/><div class=\"swiper-lazy-preloader\"><\/div><\/figure><\/div><div class=\"swiper-slide\" role=\"group\" aria-roledescription=\"slide\" aria-label=\"11 de 12\"><figure class=\"swiper-slide-inner\"><img class=\"swiper-slide-image swiper-lazy\" data-src=\"https:\/\/www.teamcore.com\/wp-content\/uploads\/2022\/12\/softys-logo.png\" alt=\"softys logo\" \/><div class=\"swiper-lazy-preloader\"><\/div><\/figure><\/div><div class=\"swiper-slide\" role=\"group\" aria-roledescription=\"slide\" aria-label=\"12 de 12\"><figure class=\"swiper-slide-inner\"><img class=\"swiper-slide-image swiper-lazy\" data-src=\"https:\/\/www.teamcore.com\/wp-content\/uploads\/2022\/12\/unilever-logo.png\" alt=\"unilever logo\" \/><div class=\"swiper-lazy-preloader\"><\/div><\/figure><\/div>\t\t\t<\/div>\n\t\t\t\t\t\t\t\n\t\t\t\t\t\t\t\t\t<\/div>\n\t\t\t\t\t\t<\/div>\n\t\t\t\t<\/div>\n\t\t\t\t\t<\/div>\n\t\t<\/div>\n\t\t\t\t\t<\/div>\n\t\t<\/section>\n\t\t\t\t<section class=\"elementor-section elementor-top-section elementor-element elementor-element-ea2f842 elementor-section-height-min-height elementor-section-content-middle elementor-section-boxed elementor-section-height-default elementor-section-items-middle\" data-id=\"ea2f842\" data-element_type=\"section\" data-settings=\"{&quot;background_background&quot;:&quot;classic&quot;}\">\n\t\t\t\t\t\t<div class=\"elementor-container elementor-column-gap-narrow\">\n\t\t\t\t\t<div class=\"elementor-column elementor-col-50 elementor-top-column elementor-element elementor-element-2ef15ec\" data-id=\"2ef15ec\" data-element_type=\"column\" data-settings=\"{&quot;background_background&quot;:&quot;classic&quot;}\">\n\t\t\t<div class=\"elementor-widget-wrap elementor-element-populated\">\n\t\t\t\t\t\t<div class=\"elementor-element elementor-element-76e9483 elementor-widget elementor-widget-heading\" data-id=\"76e9483\" data-element_type=\"widget\" data-widget_type=\"heading.default\">\n\t\t\t\t<div class=\"elementor-widget-container\">\n\t\t\t\t\t<h2 class=\"elementor-heading-title elementor-size-default\">Trabaja con nosotros<\/h2>\t\t\t\t<\/div>\n\t\t\t\t<\/div>\n\t\t\t\t<div class=\"elementor-element elementor-element-eaba498 elementor-widget elementor-widget-text-editor\" data-id=\"eaba498\" data-element_type=\"widget\" data-widget_type=\"text-editor.default\">\n\t\t\t\t<div class=\"elementor-widget-container\">\n\t\t\t\t\t\t\t\t\t<p>\u00danete a un equipo motivado con la innovaci\u00f3n, la mejora continua y la colaboraci\u00f3n.<\/p>\t\t\t\t\t\t\t\t<\/div>\n\t\t\t\t<\/div>\n\t\t\t\t<div class=\"elementor-element elementor-element-56a77dd elementor-mobile-align-left elementor-align-left elementor-widget elementor-widget-button\" data-id=\"56a77dd\" data-element_type=\"widget\" data-widget_type=\"button.default\">\n\t\t\t\t<div class=\"elementor-widget-container\">\n\t\t\t\t\t\t\t\t\t<div class=\"elementor-button-wrapper\">\n\t\t\t\t\t<a class=\"elementor-button elementor-button-link elementor-size-sm\" href=\"\/trabaja-con-nosotros\/\">\n\t\t\t\t\t\t<span class=\"elementor-button-content-wrapper\">\n\t\t\t\t\t\t\t\t\t<span class=\"elementor-button-text\">Conoce las vacantes<\/span>\n\t\t\t\t\t<\/span>\n\t\t\t\t\t<\/a>\n\t\t\t\t<\/div>\n\t\t\t\t\t\t\t\t<\/div>\n\t\t\t\t<\/div>\n\t\t\t\t\t<\/div>\n\t\t<\/div>\n\t\t\t\t<div class=\"elementor-column elementor-col-50 elementor-top-column elementor-element elementor-element-6967432\" data-id=\"6967432\" data-element_type=\"column\" data-settings=\"{&quot;background_background&quot;:&quot;classic&quot;}\">\n\t\t\t<div class=\"elementor-widget-wrap elementor-element-populated\">\n\t\t\t\t\t\t<div class=\"elementor-element elementor-element-562e373 elementor-widget elementor-widget-heading\" data-id=\"562e373\" data-element_type=\"widget\" data-widget_type=\"heading.default\">\n\t\t\t\t<div class=\"elementor-widget-container\">\n\t\t\t\t\t<h2 class=\"elementor-heading-title elementor-size-default\">Agenda una reuni\u00f3n<\/h2>\t\t\t\t<\/div>\n\t\t\t\t<\/div>\n\t\t\t\t<div class=\"elementor-element elementor-element-848025d elementor-widget elementor-widget-text-editor\" data-id=\"848025d\" data-element_type=\"widget\" data-widget_type=\"text-editor.default\">\n\t\t\t\t<div class=\"elementor-widget-container\">\n\t\t\t\t\t\t\t\t\t<p>Agenda una reuni\u00f3n con nuestros expertos para darle una nueva visi\u00f3n a tu empresa.<\/p>\t\t\t\t\t\t\t\t<\/div>\n\t\t\t\t<\/div>\n\t\t\t\t<div class=\"elementor-element elementor-element-8c93944 elementor-mobile-align-left elementor-align-left elementor-widget elementor-widget-button\" data-id=\"8c93944\" data-element_type=\"widget\" data-widget_type=\"button.default\">\n\t\t\t\t<div class=\"elementor-widget-container\">\n\t\t\t\t\t\t\t\t\t<div class=\"elementor-button-wrapper\">\n\t\t\t\t\t<a class=\"elementor-button elementor-button-link elementor-size-sm\" href=\"https:\/\/meetings.hubspot.com\/jeniffer-silva\/jennifer-silva\">\n\t\t\t\t\t\t<span class=\"elementor-button-content-wrapper\">\n\t\t\t\t\t\t\t\t\t<span class=\"elementor-button-text\">Agendar reuni\u00f3n<\/span>\n\t\t\t\t\t<\/span>\n\t\t\t\t\t<\/a>\n\t\t\t\t<\/div>\n\t\t\t\t\t\t\t\t<\/div>\n\t\t\t\t<\/div>\n\t\t\t\t\t<\/div>\n\t\t<\/div>\n\t\t\t\t\t<\/div>\n\t\t<\/section>\n\t\t\t\t<\/div>\n\t\t","protected":false},"excerpt":{"rendered":"<p>Aumenta +9 puntos la disponibilidad de productos en g\u00f3ndola. Conversemos M\u00e1s de 500 marcas conf\u00edan en nosotros. Trabaja con nosotros \u00danete a un equipo motivado con la innovaci\u00f3n, la mejora continua y la colaboraci\u00f3n. Conoce las vacantes Agenda una reuni\u00f3n Agenda una reuni\u00f3n con nuestros expertos para darle una nueva visi\u00f3n a tu empresa. Agendar [&hellip;]<\/p>\n","protected":false},"author":28,"featured_media":0,"parent":0,"menu_order":0,"comment_status":"closed","ping_status":"closed","template":"elementor_header_footer","meta":{"_acf_changed":false,"footnotes":""},"class_list":["post-65094","page","type-page","status-publish","hentry"],"acf":[],"yoast_head":"<!-- This site is optimized with the Yoast SEO plugin v26.8 - https:\/\/yoast.com\/product\/yoast-seo-wordpress\/ -->\n<title>Conversemos - Teamcore<\/title>\n<meta name=\"description\" content=\"Solicita una demostraci\u00f3n de nuestros productos y servicios. Descubre c\u00f3mo podemos satisfacer tus necesidades y mejorar tu experiencia.\" \/>\n<meta name=\"robots\" content=\"index, follow, max-snippet:-1, max-image-preview:large, max-video-preview:-1\" \/>\n<link rel=\"canonical\" href=\"https:\/\/www.teamcore.com\/pe\/solicitar-demo\/\" \/>\n<meta property=\"og:locale\" content=\"es_ES\" \/>\n<meta property=\"og:type\" content=\"article\" \/>\n<meta property=\"og:title\" content=\"Conversemos - Teamcore\" \/>\n<meta property=\"og:description\" content=\"Solicita una demostraci\u00f3n de nuestros productos y servicios. Descubre c\u00f3mo podemos satisfacer tus necesidades y mejorar tu experiencia.\" \/>\n<meta property=\"og:url\" content=\"https:\/\/www.teamcore.com\/pe\/solicitar-demo\/\" \/>\n<meta property=\"og:site_name\" content=\"Teamcore\" \/>\n<meta property=\"article:modified_time\" content=\"2024-03-18T19:45:51+00:00\" \/>\n<meta property=\"og:image\" content=\"http:\/\/www.teamcore.com\/wp-content\/uploads\/2022\/11\/Matias-editado.png\" \/>\n<meta name=\"twitter:card\" content=\"summary_large_image\" \/>\n<meta name=\"twitter:label1\" content=\"Est. reading time\" \/>\n\t<meta name=\"twitter:data1\" content=\"6 minutos\" \/>\n<script type=\"application\/ld+json\" class=\"yoast-schema-graph\">{\"@context\":\"https:\/\/schema.org\",\"@graph\":[{\"@type\":\"WebPage\",\"@id\":\"https:\/\/www.teamcore.com\/pe\/solicitar-demo\/\",\"url\":\"https:\/\/www.teamcore.com\/pe\/solicitar-demo\/\",\"name\":\"Conversemos - Teamcore\",\"isPartOf\":{\"@id\":\"https:\/\/www.teamcore.com\/pe\/#website\"},\"primaryImageOfPage\":{\"@id\":\"https:\/\/www.teamcore.com\/pe\/solicitar-demo\/#primaryimage\"},\"image\":{\"@id\":\"https:\/\/www.teamcore.com\/pe\/solicitar-demo\/#primaryimage\"},\"thumbnailUrl\":\"http:\/\/www.teamcore.com\/wp-content\/uploads\/2022\/11\/Matias-editado.png\",\"datePublished\":\"2022-10-13T21:39:52+00:00\",\"dateModified\":\"2024-03-18T19:45:51+00:00\",\"description\":\"Solicita una demostraci\u00f3n de nuestros productos y servicios. Descubre c\u00f3mo podemos satisfacer tus necesidades y mejorar tu experiencia.\",\"breadcrumb\":{\"@id\":\"https:\/\/www.teamcore.com\/pe\/solicitar-demo\/#breadcrumb\"},\"inLanguage\":\"es-PE\",\"potentialAction\":[{\"@type\":\"ReadAction\",\"target\":[\"https:\/\/www.teamcore.com\/pe\/solicitar-demo\/\"]}]},{\"@type\":\"ImageObject\",\"inLanguage\":\"es-PE\",\"@id\":\"https:\/\/www.teamcore.com\/pe\/solicitar-demo\/#primaryimage\",\"url\":\"http:\/\/www.teamcore.com\/wp-content\/uploads\/2022\/11\/Matias-editado.png\",\"contentUrl\":\"http:\/\/www.teamcore.com\/wp-content\/uploads\/2022\/11\/Matias-editado.png\"},{\"@type\":\"BreadcrumbList\",\"@id\":\"https:\/\/www.teamcore.com\/pe\/solicitar-demo\/#breadcrumb\",\"itemListElement\":[{\"@type\":\"ListItem\",\"position\":1,\"name\":\"Home\",\"item\":\"https:\/\/www.teamcore.com\/pe\/\"},{\"@type\":\"ListItem\",\"position\":2,\"name\":\"Conversemos\"}]},{\"@type\":\"WebSite\",\"@id\":\"https:\/\/www.teamcore.com\/pe\/#website\",\"url\":\"https:\/\/www.teamcore.com\/pe\/\",\"name\":\"Teamcore\",\"description\":\"Retail simple y accionable\",\"publisher\":{\"@id\":\"https:\/\/www.teamcore.com\/pe\/#organization\"},\"potentialAction\":[{\"@type\":\"SearchAction\",\"target\":{\"@type\":\"EntryPoint\",\"urlTemplate\":\"https:\/\/www.teamcore.com\/pe\/?s={search_term_string}\"},\"query-input\":{\"@type\":\"PropertyValueSpecification\",\"valueRequired\":true,\"valueName\":\"search_term_string\"}}],\"inLanguage\":\"es-PE\"},{\"@type\":\"Organization\",\"@id\":\"https:\/\/www.teamcore.com\/pe\/#organization\",\"name\":\"Teamcore\",\"alternateName\":\"Teamcore Solutions\",\"url\":\"https:\/\/www.teamcore.com\/pe\/\",\"logo\":{\"@type\":\"ImageObject\",\"inLanguage\":\"es-PE\",\"@id\":\"https:\/\/www.teamcore.com\/pe\/#\/schema\/logo\/image\/\",\"url\":\"http:\/\/www.teamcore.com\/wp-content\/uploads\/2020\/11\/logo-tc-azul.png\",\"contentUrl\":\"http:\/\/www.teamcore.com\/wp-content\/uploads\/2020\/11\/logo-tc-azul.png\",\"width\":731,\"height\":196,\"caption\":\"Teamcore\"},\"image\":{\"@id\":\"https:\/\/www.teamcore.com\/pe\/#\/schema\/logo\/image\/\"}}]}<\/script>\n<!-- \/ Yoast SEO plugin. -->","yoast_head_json":{"title":"Conversemos - Teamcore","description":"Solicita una demostraci\u00f3n de nuestros productos y servicios. Descubre c\u00f3mo podemos satisfacer tus necesidades y mejorar tu experiencia.","robots":{"index":"index","follow":"follow","max-snippet":"max-snippet:-1","max-image-preview":"max-image-preview:large","max-video-preview":"max-video-preview:-1"},"canonical":"https:\/\/www.teamcore.com\/pe\/solicitar-demo\/","og_locale":"es_ES","og_type":"article","og_title":"Conversemos - Teamcore","og_description":"Solicita una demostraci\u00f3n de nuestros productos y servicios. Descubre c\u00f3mo podemos satisfacer tus necesidades y mejorar tu experiencia.","og_url":"https:\/\/www.teamcore.com\/pe\/solicitar-demo\/","og_site_name":"Teamcore","article_modified_time":"2024-03-18T19:45:51+00:00","og_image":[{"url":"http:\/\/www.teamcore.com\/wp-content\/uploads\/2022\/11\/Matias-editado.png","type":"","width":"","height":""}],"twitter_card":"summary_large_image","twitter_misc":{"Est. reading time":"6 minutos"},"schema":{"@context":"https:\/\/schema.org","@graph":[{"@type":"WebPage","@id":"https:\/\/www.teamcore.com\/pe\/solicitar-demo\/","url":"https:\/\/www.teamcore.com\/pe\/solicitar-demo\/","name":"Conversemos - Teamcore","isPartOf":{"@id":"https:\/\/www.teamcore.com\/pe\/#website"},"primaryImageOfPage":{"@id":"https:\/\/www.teamcore.com\/pe\/solicitar-demo\/#primaryimage"},"image":{"@id":"https:\/\/www.teamcore.com\/pe\/solicitar-demo\/#primaryimage"},"thumbnailUrl":"http:\/\/www.teamcore.com\/wp-content\/uploads\/2022\/11\/Matias-editado.png","datePublished":"2022-10-13T21:39:52+00:00","dateModified":"2024-03-18T19:45:51+00:00","description":"Solicita una demostraci\u00f3n de nuestros productos y servicios. Descubre c\u00f3mo podemos satisfacer tus necesidades y mejorar tu experiencia.","breadcrumb":{"@id":"https:\/\/www.teamcore.com\/pe\/solicitar-demo\/#breadcrumb"},"inLanguage":"es-PE","potentialAction":[{"@type":"ReadAction","target":["https:\/\/www.teamcore.com\/pe\/solicitar-demo\/"]}]},{"@type":"ImageObject","inLanguage":"es-PE","@id":"https:\/\/www.teamcore.com\/pe\/solicitar-demo\/#primaryimage","url":"http:\/\/www.teamcore.com\/wp-content\/uploads\/2022\/11\/Matias-editado.png","contentUrl":"http:\/\/www.teamcore.com\/wp-content\/uploads\/2022\/11\/Matias-editado.png"},{"@type":"BreadcrumbList","@id":"https:\/\/www.teamcore.com\/pe\/solicitar-demo\/#breadcrumb","itemListElement":[{"@type":"ListItem","position":1,"name":"Home","item":"https:\/\/www.teamcore.com\/pe\/"},{"@type":"ListItem","position":2,"name":"Conversemos"}]},{"@type":"WebSite","@id":"https:\/\/www.teamcore.com\/pe\/#website","url":"https:\/\/www.teamcore.com\/pe\/","name":"Teamcore","description":"Retail simple y accionable","publisher":{"@id":"https:\/\/www.teamcore.com\/pe\/#organization"},"potentialAction":[{"@type":"SearchAction","target":{"@type":"EntryPoint","urlTemplate":"https:\/\/www.teamcore.com\/pe\/?s={search_term_string}"},"query-input":{"@type":"PropertyValueSpecification","valueRequired":true,"valueName":"search_term_string"}}],"inLanguage":"es-PE"},{"@type":"Organization","@id":"https:\/\/www.teamcore.com\/pe\/#organization","name":"Teamcore","alternateName":"Teamcore Solutions","url":"https:\/\/www.teamcore.com\/pe\/","logo":{"@type":"ImageObject","inLanguage":"es-PE","@id":"https:\/\/www.teamcore.com\/pe\/#\/schema\/logo\/image\/","url":"http:\/\/www.teamcore.com\/wp-content\/uploads\/2020\/11\/logo-tc-azul.png","contentUrl":"http:\/\/www.teamcore.com\/wp-content\/uploads\/2020\/11\/logo-tc-azul.png","width":731,"height":196,"caption":"Teamcore"},"image":{"@id":"https:\/\/www.teamcore.com\/pe\/#\/schema\/logo\/image\/"}}]}},"_links":{"self":[{"href":"https:\/\/www.teamcore.com\/pe\/wp-json\/wp\/v2\/pages\/65094","targetHints":{"allow":["GET"]}}],"collection":[{"href":"https:\/\/www.teamcore.com\/pe\/wp-json\/wp\/v2\/pages"}],"about":[{"href":"https:\/\/www.teamcore.com\/pe\/wp-json\/wp\/v2\/types\/page"}],"author":[{"embeddable":true,"href":"https:\/\/www.teamcore.com\/pe\/wp-json\/wp\/v2\/users\/28"}],"replies":[{"embeddable":true,"href":"https:\/\/www.teamcore.com\/pe\/wp-json\/wp\/v2\/comments?post=65094"}],"version-history":[{"count":10,"href":"https:\/\/www.teamcore.com\/pe\/wp-json\/wp\/v2\/pages\/65094\/revisions"}],"predecessor-version":[{"id":110308,"href":"https:\/\/www.teamcore.com\/pe\/wp-json\/wp\/v2\/pages\/65094\/revisions\/110308"}],"wp:attachment":[{"href":"https:\/\/www.teamcore.com\/pe\/wp-json\/wp\/v2\/media?parent=65094"}],"curies":[{"name":"wp","href":"https:\/\/api.w.org\/{rel}","templated":true}]}}