{"id":81807,"date":"2023-06-21T17:11:20","date_gmt":"2023-06-21T21:11:20","guid":{"rendered":"http:\/\/www.teamcore.com\/casos-de-exito\/"},"modified":"2023-12-20T23:50:30","modified_gmt":"2023-12-21T02:50:30","slug":"casos-de-exito","status":"publish","type":"page","link":"https:\/\/www.teamcore.com\/pe\/casos-de-exito\/","title":{"rendered":"Casos de \u00e9xito"},"content":{"rendered":"\t\t<div data-elementor-type=\"wp-page\" data-elementor-id=\"81807\" class=\"elementor elementor-81807 elementor-80448\" data-elementor-post-type=\"page\">\n\t\t\t\t\t\t<section class=\"elementor-section elementor-top-section elementor-element elementor-element-87ed629 elementor-section-boxed elementor-section-height-default elementor-section-height-default\" data-id=\"87ed629\" data-element_type=\"section\">\n\t\t\t\t\t\t<div class=\"elementor-container elementor-column-gap-default\">\n\t\t\t\t\t<div class=\"elementor-column elementor-col-100 elementor-top-column elementor-element elementor-element-cee42ff\" data-id=\"cee42ff\" data-element_type=\"column\">\n\t\t\t<div class=\"elementor-widget-wrap elementor-element-populated\">\n\t\t\t\t\t\t<div class=\"elementor-element elementor-element-8c29caa elementor-widget elementor-widget-heading\" data-id=\"8c29caa\" data-element_type=\"widget\" data-widget_type=\"heading.default\">\n\t\t\t\t<div class=\"elementor-widget-container\">\n\t\t\t\t\t<h1 class=\"elementor-heading-title elementor-size-default\">Casos de \u00e9xito<\/h1>\t\t\t\t<\/div>\n\t\t\t\t<\/div>\n\t\t\t\t<section class=\"elementor-section elementor-inner-section elementor-element elementor-element-f8266b7 elementor-section-boxed elementor-section-height-default elementor-section-height-default\" data-id=\"f8266b7\" data-element_type=\"section\">\n\t\t\t\t\t\t<div class=\"elementor-container elementor-column-gap-default\">\n\t\t\t\t\t<div class=\"elementor-column elementor-col-50 elementor-inner-column elementor-element elementor-element-9e7111d\" data-id=\"9e7111d\" data-element_type=\"column\">\n\t\t\t<div class=\"elementor-widget-wrap elementor-element-populated\">\n\t\t\t\t\t\t<div class=\"elementor-element elementor-element-a79d258 elementor-widget elementor-widget-text-editor\" data-id=\"a79d258\" data-element_type=\"widget\" data-widget_type=\"text-editor.default\">\n\t\t\t\t<div class=\"elementor-widget-container\">\n\t\t\t\t\t\t\t\t\t<p>Todos<\/p>\t\t\t\t\t\t\t\t<\/div>\n\t\t\t\t<\/div>\n\t\t\t\t<div class=\"elementor-element elementor-element-a8d49b2 elementor-align-left elementor-widget elementor-widget-button\" data-id=\"a8d49b2\" data-element_type=\"widget\" data-widget_type=\"button.default\">\n\t\t\t\t<div class=\"elementor-widget-container\">\n\t\t\t\t\t\t\t\t\t<div class=\"elementor-button-wrapper\">\n\t\t\t\t\t<a class=\"elementor-button elementor-button-link elementor-size-sm\" href=\"https:\/\/www.teamcore.net\/es\/casos-de-exito\/teamcore\">\n\t\t\t\t\t\t<span class=\"elementor-button-content-wrapper\">\n\t\t\t\t\t\t\t\t\t<span class=\"elementor-button-text\">Teamcore<\/span>\n\t\t\t\t\t<\/span>\n\t\t\t\t\t<\/a>\n\t\t\t\t<\/div>\n\t\t\t\t\t\t\t\t<\/div>\n\t\t\t\t<\/div>\n\t\t\t\t<div class=\"elementor-element elementor-element-08103e0 elementor-align-left elementor-widget elementor-widget-button\" data-id=\"08103e0\" data-element_type=\"widget\" data-widget_type=\"button.default\">\n\t\t\t\t<div class=\"elementor-widget-container\">\n\t\t\t\t\t\t\t\t\t<div class=\"elementor-button-wrapper\">\n\t\t\t\t\t<a class=\"elementor-button elementor-button-link elementor-size-sm\" href=\"https:\/\/www.teamcore.net\/es\/casos-de-exito\/instoreview\">\n\t\t\t\t\t\t<span class=\"elementor-button-content-wrapper\">\n\t\t\t\t\t\t\t\t\t<span class=\"elementor-button-text\">InStoreView<\/span>\n\t\t\t\t\t<\/span>\n\t\t\t\t\t<\/a>\n\t\t\t\t<\/div>\n\t\t\t\t\t\t\t\t<\/div>\n\t\t\t\t<\/div>\n\t\t\t\t\t<\/div>\n\t\t<\/div>\n\t\t\t\t<div class=\"elementor-column elementor-col-50 elementor-inner-column elementor-element elementor-element-350c552\" data-id=\"350c552\" data-element_type=\"column\">\n\t\t\t<div class=\"elementor-widget-wrap elementor-element-populated\">\n\t\t\t\t\t\t<div class=\"elementor-element elementor-element-d4b0f1d elementor-grid-3 elementor-grid-tablet-2 elementor-grid-mobile-1 elementor-posts--thumbnail-top elementor-widget elementor-widget-posts\" data-id=\"d4b0f1d\" data-element_type=\"widget\" data-settings=\"{&quot;classic_row_gap&quot;:{&quot;unit&quot;:&quot;px&quot;,&quot;size&quot;:0,&quot;sizes&quot;:[]},&quot;pagination_type&quot;:&quot;prev_next&quot;,&quot;classic_columns&quot;:&quot;3&quot;,&quot;classic_columns_tablet&quot;:&quot;2&quot;,&quot;classic_columns_mobile&quot;:&quot;1&quot;,&quot;classic_row_gap_tablet&quot;:{&quot;unit&quot;:&quot;px&quot;,&quot;size&quot;:&quot;&quot;,&quot;sizes&quot;:[]},&quot;classic_row_gap_mobile&quot;:{&quot;unit&quot;:&quot;px&quot;,&quot;size&quot;:&quot;&quot;,&quot;sizes&quot;:[]}}\" data-widget_type=\"posts.classic\">\n\t\t\t\t<div class=\"elementor-widget-container\">\n\t\t\t\t\t\t\t<div class=\"elementor-posts-container elementor-posts elementor-posts--skin-classic elementor-grid\" role=\"list\">\n\t\t\t\t<article class=\"elementor-post elementor-grid-item post-79036 casos-de-estudio type-casos-de-estudio status-publish format-standard has-post-thumbnail hentry category-casos-de-exito category-instoreview plantilla_de_estudio-escrito\" role=\"listitem\">\n\t\t\t\t<a class=\"elementor-post__thumbnail__link\" href=\"https:\/\/www.teamcore.com\/pe\/casos-de-estudio\/3m\/\" tabindex=\"-1\" >\n\t\t\t<div class=\"elementor-post__thumbnail\"><img fetchpriority=\"high\" decoding=\"async\" width=\"300\" height=\"188\" src=\"https:\/\/www.teamcore.com\/wp-content\/uploads\/2023\/06\/Logo-3M-300x188.png\" class=\"attachment-medium size-medium wp-image-82447\" alt=\"Logo 3M\" srcset=\"https:\/\/www.teamcore.com\/wp-content\/uploads\/2023\/06\/Logo-3M-300x188.png 300w, https:\/\/www.teamcore.com\/wp-content\/uploads\/2023\/06\/Logo-3M.png 600w\" sizes=\"(max-width: 300px) 100vw, 300px\" \/><\/div>\n\t\t<\/a>\n\t\t\t\t<div class=\"elementor-post__text\">\n\t\t\t\t<h3 class=\"elementor-post__title\">\n\t\t\t<a href=\"https:\/\/www.teamcore.com\/pe\/casos-de-estudio\/3m\/\" >\n\t\t\t\t3M\t\t\t<\/a>\n\t\t<\/h3>\n\t\t\t\t<div class=\"elementor-post__meta-data\">\n\t\t\t\t\t<span class=\"elementor-post-date\">\n\t\t\t23 de junio de 2023\t\t<\/span>\n\t\t\t\t<\/div>\n\t\t\t\t<div class=\"elementor-post__excerpt\">\n\t\t\t<p>3M usa las funcionalidades de InStoreView para hacer seguimiento de campa\u00f1as, levantar precios y visualizar el punto de venta, aprovechando as\u00ed un tremendo potencial de negocios sin ning\u00fan costo adicional\t\t<\/div>\n\t\t\t\t<\/div>\n\t\t\t\t<\/article>\n\t\t\t\t<article class=\"elementor-post elementor-grid-item post-78983 casos-de-estudio type-casos-de-estudio status-publish format-standard has-post-thumbnail hentry category-casos-de-exito category-instoreview plantilla_de_estudio-escrito\" role=\"listitem\">\n\t\t\t\t<a class=\"elementor-post__thumbnail__link\" href=\"https:\/\/www.teamcore.com\/pe\/casos-de-estudio\/alicorp\/\" tabindex=\"-1\" >\n\t\t\t<div class=\"elementor-post__thumbnail\"><img decoding=\"async\" width=\"300\" height=\"188\" data-src=\"https:\/\/www.teamcore.com\/wp-content\/uploads\/2023\/06\/alicorp01-2-300x188.webp\" class=\"attachment-medium size-medium wp-image-79002 lazyload\" alt=\"alicorp\" data-srcset=\"https:\/\/www.teamcore.com\/wp-content\/uploads\/2023\/06\/alicorp01-2-300x188.webp 300w, https:\/\/www.teamcore.com\/wp-content\/uploads\/2023\/06\/alicorp01-2-600x375.webp 600w, https:\/\/www.teamcore.com\/wp-content\/uploads\/2023\/06\/alicorp01-2.webp 720w\" data-sizes=\"(max-width: 300px) 100vw, 300px\" src=\"data:image\/svg+xml;base64,PHN2ZyB3aWR0aD0iMSIgaGVpZ2h0PSIxIiB4bWxucz0iaHR0cDovL3d3dy53My5vcmcvMjAwMC9zdmciPjwvc3ZnPg==\" style=\"--smush-placeholder-width: 300px; --smush-placeholder-aspect-ratio: 300\/188;\" \/><\/div>\n\t\t<\/a>\n\t\t\t\t<div class=\"elementor-post__text\">\n\t\t\t\t<h3 class=\"elementor-post__title\">\n\t\t\t<a href=\"https:\/\/www.teamcore.com\/pe\/casos-de-estudio\/alicorp\/\" >\n\t\t\t\tAlicorp\t\t\t<\/a>\n\t\t<\/h3>\n\t\t\t\t<div class=\"elementor-post__meta-data\">\n\t\t\t\t\t<span class=\"elementor-post-date\">\n\t\t\t21 de junio de 2023\t\t<\/span>\n\t\t\t\t<\/div>\n\t\t\t\t<div class=\"elementor-post__excerpt\">\n\t\t\t<p>Cuando el canal moderno avanza a paso firme en territorio peruano, se hace imprescindible la obtenci\u00f3n de herramientas de procesamiento de informaci\u00f3n que potencien la gesti\u00f3n de las ventas y\t\t<\/div>\n\t\t\t\t<\/div>\n\t\t\t\t<\/article>\n\t\t\t\t<article class=\"elementor-post elementor-grid-item post-23649 casos-de-estudio type-casos-de-estudio status-publish format-standard has-post-thumbnail hentry category-casos-de-exito category-teamcore plantilla_de_estudio-video\" role=\"listitem\">\n\t\t\t\t<a class=\"elementor-post__thumbnail__link\" href=\"https:\/\/www.teamcore.com\/pe\/casos-de-estudio\/bepensa-mexico\/\" tabindex=\"-1\" >\n\t\t\t<div class=\"elementor-post__thumbnail\"><img decoding=\"async\" width=\"282\" height=\"200\" data-src=\"https:\/\/www.teamcore.com\/wp-content\/uploads\/2022\/11\/Logo-bepensa-1.png\" class=\"attachment-medium size-medium wp-image-23681 lazyload\" alt=\"Logo bepensa 1\" src=\"data:image\/svg+xml;base64,PHN2ZyB3aWR0aD0iMSIgaGVpZ2h0PSIxIiB4bWxucz0iaHR0cDovL3d3dy53My5vcmcvMjAwMC9zdmciPjwvc3ZnPg==\" style=\"--smush-placeholder-width: 282px; --smush-placeholder-aspect-ratio: 282\/200;\" \/><\/div>\n\t\t<\/a>\n\t\t\t\t<div class=\"elementor-post__text\">\n\t\t\t\t<h3 class=\"elementor-post__title\">\n\t\t\t<a href=\"https:\/\/www.teamcore.com\/pe\/casos-de-estudio\/bepensa-mexico\/\" >\n\t\t\t\tBepensa M\u00e9xico\t\t\t<\/a>\n\t\t<\/h3>\n\t\t\t\t<div class=\"elementor-post__meta-data\">\n\t\t\t\t\t<span class=\"elementor-post-date\">\n\t\t\t25 de noviembre de 2022\t\t<\/span>\n\t\t\t\t<\/div>\n\t\t\t\t<div class=\"elementor-post__excerpt\">\n\t\t\t<p>Al trabajar con Teamcore, Bepensa evidenci\u00f3 mejoras inmediatas en la disponibilidad de producto en los puntos de venta.<\/p>\t\t<\/div>\n\t\t\t\t<\/div>\n\t\t\t\t<\/article>\n\t\t\t\t<article class=\"elementor-post elementor-grid-item post-21064 casos-de-estudio type-casos-de-estudio status-publish format-standard has-post-thumbnail hentry category-casos-de-exito category-teamcore plantilla_de_estudio-video\" role=\"listitem\">\n\t\t\t\t<a class=\"elementor-post__thumbnail__link\" href=\"https:\/\/www.teamcore.com\/pe\/casos-de-estudio\/biotecnik\/\" tabindex=\"-1\" >\n\t\t\t<div class=\"elementor-post__thumbnail\"><img decoding=\"async\" width=\"300\" height=\"212\" data-src=\"https:\/\/www.teamcore.com\/wp-content\/uploads\/2022\/08\/biotecnik-300x212.png\" class=\"attachment-medium size-medium wp-image-21075 lazyload\" alt=\"biotecnik\" data-srcset=\"https:\/\/www.teamcore.com\/wp-content\/uploads\/2022\/08\/biotecnik-300x212.png 300w, https:\/\/www.teamcore.com\/wp-content\/uploads\/2022\/08\/biotecnik.png 424w\" data-sizes=\"(max-width: 300px) 100vw, 300px\" src=\"data:image\/svg+xml;base64,PHN2ZyB3aWR0aD0iMSIgaGVpZ2h0PSIxIiB4bWxucz0iaHR0cDovL3d3dy53My5vcmcvMjAwMC9zdmciPjwvc3ZnPg==\" style=\"--smush-placeholder-width: 300px; --smush-placeholder-aspect-ratio: 300\/212;\" \/><\/div>\n\t\t<\/a>\n\t\t\t\t<div class=\"elementor-post__text\">\n\t\t\t\t<h3 class=\"elementor-post__title\">\n\t\t\t<a href=\"https:\/\/www.teamcore.com\/pe\/casos-de-estudio\/biotecnik\/\" >\n\t\t\t\tBiotecnik\t\t\t<\/a>\n\t\t<\/h3>\n\t\t\t\t<div class=\"elementor-post__meta-data\">\n\t\t\t\t\t<span class=\"elementor-post-date\">\n\t\t\t9 de agosto de 2022\t\t<\/span>\n\t\t\t\t<\/div>\n\t\t\t\t<div class=\"elementor-post__excerpt\">\n\t\t\t<p>Usando Teamcore se ha generado un valor agregado a toda la compa\u00f1\u00eda, optimizando las visitas y generando productividad.<\/p>\t\t<\/div>\n\t\t\t\t<\/div>\n\t\t\t\t<\/article>\n\t\t\t\t<article class=\"elementor-post elementor-grid-item post-79267 casos-de-estudio type-casos-de-estudio status-publish format-standard has-post-thumbnail hentry category-casos-de-exito category-instoreview plantilla_de_estudio-escrito\" role=\"listitem\">\n\t\t\t\t<a class=\"elementor-post__thumbnail__link\" href=\"https:\/\/www.teamcore.com\/pe\/casos-de-estudio\/byp-iluminacion\/\" tabindex=\"-1\" >\n\t\t\t<div class=\"elementor-post__thumbnail\"><img decoding=\"async\" width=\"300\" height=\"188\" data-src=\"https:\/\/www.teamcore.com\/wp-content\/uploads\/2023\/06\/bp01-300x188.webp\" class=\"attachment-medium size-medium wp-image-79268 lazyload\" alt=\"byp\" data-srcset=\"https:\/\/www.teamcore.com\/wp-content\/uploads\/2023\/06\/bp01-300x188.webp 300w, https:\/\/www.teamcore.com\/wp-content\/uploads\/2023\/06\/bp01.webp 360w\" data-sizes=\"(max-width: 300px) 100vw, 300px\" src=\"data:image\/svg+xml;base64,PHN2ZyB3aWR0aD0iMSIgaGVpZ2h0PSIxIiB4bWxucz0iaHR0cDovL3d3dy53My5vcmcvMjAwMC9zdmciPjwvc3ZnPg==\" style=\"--smush-placeholder-width: 300px; --smush-placeholder-aspect-ratio: 300\/188;\" \/><\/div>\n\t\t<\/a>\n\t\t\t\t<div class=\"elementor-post__text\">\n\t\t\t\t<h3 class=\"elementor-post__title\">\n\t\t\t<a href=\"https:\/\/www.teamcore.com\/pe\/casos-de-estudio\/byp-iluminacion\/\" >\n\t\t\t\tByP Iluminaci\u00f3n\t\t\t<\/a>\n\t\t<\/h3>\n\t\t\t\t<div class=\"elementor-post__meta-data\">\n\t\t\t\t\t<span class=\"elementor-post-date\">\n\t\t\t21 de junio de 2023\t\t<\/span>\n\t\t\t\t<\/div>\n\t\t\t\t<div class=\"elementor-post__excerpt\">\n\t\t\t<p>Con el punto de venta siempre en la mira, ByP ha visto en la innovaci\u00f3n y la tecnolog\u00eda factores de cambio para mantener una alta competitividad en uno de los\t\t<\/div>\n\t\t\t\t<\/div>\n\t\t\t\t<\/article>\n\t\t\t\t<article class=\"elementor-post elementor-grid-item post-21059 casos-de-estudio type-casos-de-estudio status-publish format-standard has-post-thumbnail hentry category-casos-de-exito category-teamcore plantilla_de_estudio-video\" role=\"listitem\">\n\t\t\t\t<a class=\"elementor-post__thumbnail__link\" href=\"https:\/\/www.teamcore.com\/pe\/casos-de-estudio\/cambiaso\/\" tabindex=\"-1\" >\n\t\t\t<div class=\"elementor-post__thumbnail\"><img decoding=\"async\" width=\"300\" height=\"212\" data-src=\"https:\/\/www.teamcore.com\/wp-content\/uploads\/2022\/08\/cambiaso-1-300x212.png\" class=\"attachment-medium size-medium wp-image-21076 lazyload\" alt=\"cambiaso 1\" data-srcset=\"https:\/\/www.teamcore.com\/wp-content\/uploads\/2022\/08\/cambiaso-1-300x212.png 300w, https:\/\/www.teamcore.com\/wp-content\/uploads\/2022\/08\/cambiaso-1.png 424w\" data-sizes=\"(max-width: 300px) 100vw, 300px\" src=\"data:image\/svg+xml;base64,PHN2ZyB3aWR0aD0iMSIgaGVpZ2h0PSIxIiB4bWxucz0iaHR0cDovL3d3dy53My5vcmcvMjAwMC9zdmciPjwvc3ZnPg==\" style=\"--smush-placeholder-width: 300px; --smush-placeholder-aspect-ratio: 300\/212;\" \/><\/div>\n\t\t<\/a>\n\t\t\t\t<div class=\"elementor-post__text\">\n\t\t\t\t<h3 class=\"elementor-post__title\">\n\t\t\t<a href=\"https:\/\/www.teamcore.com\/pe\/casos-de-estudio\/cambiaso\/\" >\n\t\t\t\tCambiaso\t\t\t<\/a>\n\t\t<\/h3>\n\t\t\t\t<div class=\"elementor-post__meta-data\">\n\t\t\t\t\t<span class=\"elementor-post-date\">\n\t\t\t9 de agosto de 2022\t\t<\/span>\n\t\t\t\t<\/div>\n\t\t\t\t<div class=\"elementor-post__excerpt\">\n\t\t\t<p>Teamcore pudo entregar una modalidad de trabajo que, gracias a la constante retroalimentaci\u00f3n, se ha perfeccionado durante a\u00f1os.<\/p>\t\t<\/div>\n\t\t\t\t<\/div>\n\t\t\t\t<\/article>\n\t\t\t\t<\/div>\n\t\t\n\t\t\t\t<div class=\"e-load-more-anchor\" data-page=\"1\" data-max-page=\"5\" data-next-page=\"https:\/\/www.teamcore.com\/pe\/wp-json\/wp\/v2\/pages\/81807\/page\/2\/\"><\/div>\n\t\t\t\t<nav class=\"elementor-pagination\" aria-label=\"Pagination\">\n\t\t\t<span class=\"page-numbers prev\">&laquo; Anterior<\/span>\n<a class=\"page-numbers next\" href=\"https:\/\/www.teamcore.com\/pe\/wp-json\/wp\/v2\/pages\/81807\/page\/2\/\">Siguiente &raquo;<\/a>\t\t<\/nav>\n\t\t\t\t\t\t<\/div>\n\t\t\t\t<\/div>\n\t\t\t\t\t<\/div>\n\t\t<\/div>\n\t\t\t\t\t<\/div>\n\t\t<\/section>\n\t\t\t\t\t<\/div>\n\t\t<\/div>\n\t\t\t\t\t<\/div>\n\t\t<\/section>\n\t\t\t\t<\/div>\n\t\t","protected":false},"excerpt":{"rendered":"<p>Conoce todos nuestros casos de \u00e9xito y c\u00f3mo nuestros productos ayudaron a nuestros clientes a evolucionar sus operaciones.<\/p>\n","protected":false},"author":28,"featured_media":0,"parent":0,"menu_order":0,"comment_status":"closed","ping_status":"closed","template":"","meta":{"_acf_changed":false,"footnotes":""},"class_list":["post-81807","page","type-page","status-publish","hentry"],"acf":[],"yoast_head":"<!-- This site is optimized with the Yoast SEO plugin v26.8 - https:\/\/yoast.com\/product\/yoast-seo-wordpress\/ -->\n<title>Casos de \u00e9xito - Teamcore<\/title>\n<meta name=\"description\" content=\"Conoce todos nuestros casos de \u00e9xito y c\u00f3mo nuestros productos ayudaron a nuestros clientes a evolucionar sus operaciones.\" \/>\n<meta name=\"robots\" content=\"index, follow, max-snippet:-1, max-image-preview:large, max-video-preview:-1\" \/>\n<link rel=\"canonical\" href=\"https:\/\/www.teamcore.com\/pe\/casos-de-exito\/\" \/>\n<meta property=\"og:locale\" content=\"es_ES\" \/>\n<meta property=\"og:type\" content=\"article\" \/>\n<meta property=\"og:title\" content=\"Casos de \u00e9xito - Teamcore\" \/>\n<meta property=\"og:description\" content=\"Conoce todos nuestros casos de \u00e9xito y c\u00f3mo nuestros productos ayudaron a nuestros clientes a evolucionar sus operaciones.\" \/>\n<meta property=\"og:url\" content=\"https:\/\/www.teamcore.com\/pe\/casos-de-exito\/\" \/>\n<meta property=\"og:site_name\" content=\"Teamcore\" \/>\n<meta property=\"article:modified_time\" content=\"2023-12-21T02:50:30+00:00\" \/>\n<meta name=\"twitter:card\" content=\"summary_large_image\" \/>\n<script type=\"application\/ld+json\" class=\"yoast-schema-graph\">{\"@context\":\"https:\/\/schema.org\",\"@graph\":[{\"@type\":\"WebPage\",\"@id\":\"https:\/\/www.teamcore.com\/pe\/casos-de-exito\/\",\"url\":\"https:\/\/www.teamcore.com\/pe\/casos-de-exito\/\",\"name\":\"Casos de \u00e9xito - Teamcore\",\"isPartOf\":{\"@id\":\"https:\/\/www.teamcore.com\/pe\/#website\"},\"datePublished\":\"2023-06-21T21:11:20+00:00\",\"dateModified\":\"2023-12-21T02:50:30+00:00\",\"description\":\"Conoce todos nuestros casos de \u00e9xito y c\u00f3mo nuestros productos ayudaron a nuestros clientes a evolucionar sus operaciones.\",\"breadcrumb\":{\"@id\":\"https:\/\/www.teamcore.com\/pe\/casos-de-exito\/#breadcrumb\"},\"inLanguage\":\"es-PE\",\"potentialAction\":[{\"@type\":\"ReadAction\",\"target\":[\"https:\/\/www.teamcore.com\/pe\/casos-de-exito\/\"]}]},{\"@type\":\"BreadcrumbList\",\"@id\":\"https:\/\/www.teamcore.com\/pe\/casos-de-exito\/#breadcrumb\",\"itemListElement\":[{\"@type\":\"ListItem\",\"position\":1,\"name\":\"Home\",\"item\":\"https:\/\/www.teamcore.com\/pe\/\"},{\"@type\":\"ListItem\",\"position\":2,\"name\":\"Casos de \u00e9xito\"}]},{\"@type\":\"WebSite\",\"@id\":\"https:\/\/www.teamcore.com\/pe\/#website\",\"url\":\"https:\/\/www.teamcore.com\/pe\/\",\"name\":\"Teamcore\",\"description\":\"Retail simple y accionable\",\"publisher\":{\"@id\":\"https:\/\/www.teamcore.com\/pe\/#organization\"},\"potentialAction\":[{\"@type\":\"SearchAction\",\"target\":{\"@type\":\"EntryPoint\",\"urlTemplate\":\"https:\/\/www.teamcore.com\/pe\/?s={search_term_string}\"},\"query-input\":{\"@type\":\"PropertyValueSpecification\",\"valueRequired\":true,\"valueName\":\"search_term_string\"}}],\"inLanguage\":\"es-PE\"},{\"@type\":\"Organization\",\"@id\":\"https:\/\/www.teamcore.com\/pe\/#organization\",\"name\":\"Teamcore\",\"alternateName\":\"Teamcore Solutions\",\"url\":\"https:\/\/www.teamcore.com\/pe\/\",\"logo\":{\"@type\":\"ImageObject\",\"inLanguage\":\"es-PE\",\"@id\":\"https:\/\/www.teamcore.com\/pe\/#\/schema\/logo\/image\/\",\"url\":\"http:\/\/www.teamcore.com\/wp-content\/uploads\/2020\/11\/logo-tc-azul.png\",\"contentUrl\":\"http:\/\/www.teamcore.com\/wp-content\/uploads\/2020\/11\/logo-tc-azul.png\",\"width\":731,\"height\":196,\"caption\":\"Teamcore\"},\"image\":{\"@id\":\"https:\/\/www.teamcore.com\/pe\/#\/schema\/logo\/image\/\"}}]}<\/script>\n<!-- \/ Yoast SEO plugin. -->","yoast_head_json":{"title":"Casos de \u00e9xito - Teamcore","description":"Conoce todos nuestros casos de \u00e9xito y c\u00f3mo nuestros productos ayudaron a nuestros clientes a evolucionar sus operaciones.","robots":{"index":"index","follow":"follow","max-snippet":"max-snippet:-1","max-image-preview":"max-image-preview:large","max-video-preview":"max-video-preview:-1"},"canonical":"https:\/\/www.teamcore.com\/pe\/casos-de-exito\/","og_locale":"es_ES","og_type":"article","og_title":"Casos de \u00e9xito - Teamcore","og_description":"Conoce todos nuestros casos de \u00e9xito y c\u00f3mo nuestros productos ayudaron a nuestros clientes a evolucionar sus operaciones.","og_url":"https:\/\/www.teamcore.com\/pe\/casos-de-exito\/","og_site_name":"Teamcore","article_modified_time":"2023-12-21T02:50:30+00:00","twitter_card":"summary_large_image","schema":{"@context":"https:\/\/schema.org","@graph":[{"@type":"WebPage","@id":"https:\/\/www.teamcore.com\/pe\/casos-de-exito\/","url":"https:\/\/www.teamcore.com\/pe\/casos-de-exito\/","name":"Casos de \u00e9xito - Teamcore","isPartOf":{"@id":"https:\/\/www.teamcore.com\/pe\/#website"},"datePublished":"2023-06-21T21:11:20+00:00","dateModified":"2023-12-21T02:50:30+00:00","description":"Conoce todos nuestros casos de \u00e9xito y c\u00f3mo nuestros productos ayudaron a nuestros clientes a evolucionar sus operaciones.","breadcrumb":{"@id":"https:\/\/www.teamcore.com\/pe\/casos-de-exito\/#breadcrumb"},"inLanguage":"es-PE","potentialAction":[{"@type":"ReadAction","target":["https:\/\/www.teamcore.com\/pe\/casos-de-exito\/"]}]},{"@type":"BreadcrumbList","@id":"https:\/\/www.teamcore.com\/pe\/casos-de-exito\/#breadcrumb","itemListElement":[{"@type":"ListItem","position":1,"name":"Home","item":"https:\/\/www.teamcore.com\/pe\/"},{"@type":"ListItem","position":2,"name":"Casos de \u00e9xito"}]},{"@type":"WebSite","@id":"https:\/\/www.teamcore.com\/pe\/#website","url":"https:\/\/www.teamcore.com\/pe\/","name":"Teamcore","description":"Retail simple y accionable","publisher":{"@id":"https:\/\/www.teamcore.com\/pe\/#organization"},"potentialAction":[{"@type":"SearchAction","target":{"@type":"EntryPoint","urlTemplate":"https:\/\/www.teamcore.com\/pe\/?s={search_term_string}"},"query-input":{"@type":"PropertyValueSpecification","valueRequired":true,"valueName":"search_term_string"}}],"inLanguage":"es-PE"},{"@type":"Organization","@id":"https:\/\/www.teamcore.com\/pe\/#organization","name":"Teamcore","alternateName":"Teamcore Solutions","url":"https:\/\/www.teamcore.com\/pe\/","logo":{"@type":"ImageObject","inLanguage":"es-PE","@id":"https:\/\/www.teamcore.com\/pe\/#\/schema\/logo\/image\/","url":"http:\/\/www.teamcore.com\/wp-content\/uploads\/2020\/11\/logo-tc-azul.png","contentUrl":"http:\/\/www.teamcore.com\/wp-content\/uploads\/2020\/11\/logo-tc-azul.png","width":731,"height":196,"caption":"Teamcore"},"image":{"@id":"https:\/\/www.teamcore.com\/pe\/#\/schema\/logo\/image\/"}}]}},"_links":{"self":[{"href":"https:\/\/www.teamcore.com\/pe\/wp-json\/wp\/v2\/pages\/81807","targetHints":{"allow":["GET"]}}],"collection":[{"href":"https:\/\/www.teamcore.com\/pe\/wp-json\/wp\/v2\/pages"}],"about":[{"href":"https:\/\/www.teamcore.com\/pe\/wp-json\/wp\/v2\/types\/page"}],"author":[{"embeddable":true,"href":"https:\/\/www.teamcore.com\/pe\/wp-json\/wp\/v2\/users\/28"}],"replies":[{"embeddable":true,"href":"https:\/\/www.teamcore.com\/pe\/wp-json\/wp\/v2\/comments?post=81807"}],"version-history":[{"count":4,"href":"https:\/\/www.teamcore.com\/pe\/wp-json\/wp\/v2\/pages\/81807\/revisions"}],"predecessor-version":[{"id":87230,"href":"https:\/\/www.teamcore.com\/pe\/wp-json\/wp\/v2\/pages\/81807\/revisions\/87230"}],"wp:attachment":[{"href":"https:\/\/www.teamcore.com\/pe\/wp-json\/wp\/v2\/media?parent=81807"}],"curies":[{"name":"wp","href":"https:\/\/api.w.org\/{rel}","templated":true}]}}